{"id":241264,"date":"2023-07-06T16:42:48","date_gmt":"2023-07-06T19:42:48","guid":{"rendered":"https:\/\/www.livrariarema.com.br\/loja\/produtos\/sem categoria\/desafie-o-seu-conjuge-cartoes\/"},"modified":"2026-04-24T10:30:23","modified_gmt":"2026-04-24T13:30:23","slug":"desafie-o-seu-conjuge-cartoes","status":"publish","type":"product","link":"https:\/\/www.livrariarema.com.br\/loja\/produtos\/livros\/casamento\/desafie-o-seu-conjuge-cartoes\/","title":{"rendered":"Desafie O Seu C\u00f4njuge &#8211; Cart\u00f5es"},"content":{"rendered":"<p>Quando pensamos em nosso pr\u00f3prio casamento, n\u00e3o h\u00e1 problemas em nos sentirmos um pouco mais estimulados emocionalmente. De fato, este \u00e9 o motivo destes cart\u00f5es.<br \/>\n \u00c0 medida que voc\u00ea participa de Desafie o seu c\u00f4njuge, leve o desafio di\u00e1rio com voc\u00ea a qualquer lugar que voc\u00ea v\u00e1. A caixa cont\u00e9m 40 cart\u00f5es individuais com os desafios di\u00e1rios.<br \/>\nBaseado no filme Prova de Fogo, esses s\u00e3o os desafios que Calebe l\u00ea para sua esposa. Os 40 desafios do filme, em forma de cart\u00f5es. Cada cart\u00e3o corresponde a um desafio e trazem praticidade a quem deseja realiz\u00e1-los no dia a dia.<br \/>\nExcelente op\u00e7\u00e3o para encontro de casais e para presentear.<\/p>\n","protected":false},"excerpt":{"rendered":"<p>Quando pensamos em nosso pr\u00f3prio casamento, n\u00e3o h\u00e1 problemas em nos sentirmos um pouco mais estimulados emocionalmente. De fato, este&hellip;<\/p>\n","protected":false},"featured_media":345166,"comment_status":"open","ping_status":"closed","template":"","meta":[],"product_cat":[155,134],"product_tag":[],"_links":{"self":[{"href":"https:\/\/www.livrariarema.com.br\/loja\/wp-json\/wp\/v2\/product\/241264"}],"collection":[{"href":"https:\/\/www.livrariarema.com.br\/loja\/wp-json\/wp\/v2\/product"}],"about":[{"href":"https:\/\/www.livrariarema.com.br\/loja\/wp-json\/wp\/v2\/types\/product"}],"replies":[{"embeddable":true,"href":"https:\/\/www.livrariarema.com.br\/loja\/wp-json\/wp\/v2\/comments?post=241264"}],"wp:featuredmedia":[{"embeddable":true,"href":"https:\/\/www.livrariarema.com.br\/loja\/wp-json\/wp\/v2\/media\/345166"}],"wp:attachment":[{"href":"https:\/\/www.livrariarema.com.br\/loja\/wp-json\/wp\/v2\/media?parent=241264"}],"wp:term":[{"taxonomy":"product_cat","embeddable":true,"href":"https:\/\/www.livrariarema.com.br\/loja\/wp-json\/wp\/v2\/product_cat?post=241264"},{"taxonomy":"product_tag","embeddable":true,"href":"https:\/\/www.livrariarema.com.br\/loja\/wp-json\/wp\/v2\/product_tag?post=241264"}],"curies":[{"name":"wp","href":"https:\/\/api.w.org\/{rel}","templated":true}]}}