{"id":241648,"date":"2023-07-10T13:41:32","date_gmt":"2023-07-10T16:41:32","guid":{"rendered":"https:\/\/www.livrariarema.com.br\/loja\/produtos\/sem categoria\/bons-pensamentos-rosa\/"},"modified":"2026-03-10T09:31:27","modified_gmt":"2026-03-10T12:31:27","slug":"bons-pensamentos-rosa","status":"publish","type":"product","link":"https:\/\/www.livrariarema.com.br\/loja\/produtos\/livros\/devocional\/bons-pensamentos-rosa\/","title":{"rendered":"Bons Pensamentos &#8211; Rosa"},"content":{"rendered":"<p>Expresse seus pensamentos, palavras e devo\u00e7\u00f5es neste livro de 192 p\u00e1ginas. Com papel encorpado na cor creme. Escolha entre as capas preta, rosa e Sublime. Registre cada momento com #BonsPensamentos<\/p>\n","protected":false},"excerpt":{"rendered":"<p>Expresse seus pensamentos, palavras e devo\u00e7\u00f5es neste livro de 192 p\u00e1ginas. Com papel encorpado na cor creme. Escolha entre as&hellip;<\/p>\n","protected":false},"featured_media":340764,"comment_status":"open","ping_status":"closed","template":"","meta":[],"product_cat":[158,134],"product_tag":[],"_links":{"self":[{"href":"https:\/\/www.livrariarema.com.br\/loja\/wp-json\/wp\/v2\/product\/241648"}],"collection":[{"href":"https:\/\/www.livrariarema.com.br\/loja\/wp-json\/wp\/v2\/product"}],"about":[{"href":"https:\/\/www.livrariarema.com.br\/loja\/wp-json\/wp\/v2\/types\/product"}],"replies":[{"embeddable":true,"href":"https:\/\/www.livrariarema.com.br\/loja\/wp-json\/wp\/v2\/comments?post=241648"}],"wp:featuredmedia":[{"embeddable":true,"href":"https:\/\/www.livrariarema.com.br\/loja\/wp-json\/wp\/v2\/media\/340764"}],"wp:attachment":[{"href":"https:\/\/www.livrariarema.com.br\/loja\/wp-json\/wp\/v2\/media?parent=241648"}],"wp:term":[{"taxonomy":"product_cat","embeddable":true,"href":"https:\/\/www.livrariarema.com.br\/loja\/wp-json\/wp\/v2\/product_cat?post=241648"},{"taxonomy":"product_tag","embeddable":true,"href":"https:\/\/www.livrariarema.com.br\/loja\/wp-json\/wp\/v2\/product_tag?post=241648"}],"curies":[{"name":"wp","href":"https:\/\/api.w.org\/{rel}","templated":true}]}}