{"id":241650,"date":"2023-07-10T13:41:38","date_gmt":"2023-07-10T16:41:38","guid":{"rendered":"https:\/\/www.livrariarema.com.br\/loja\/produtos\/sem categoria\/biblia-leia-e-anote-nvt-luxo-preta\/"},"modified":"2025-02-06T14:14:59","modified_gmt":"2025-02-06T17:14:59","slug":"biblia-leia-e-anote-nvt-luxo-preta","status":"publish","type":"product","link":"https:\/\/www.livrariarema.com.br\/loja\/produtos\/biblias\/nvt\/biblia-leia-e-anote-nvt-luxo-preta\/","title":{"rendered":"B\u00edblia Leia E Anote &#8211; Nvt &#8211; Luxo &#8211; Preta"},"content":{"rendered":"<p>Para voc\u00ea que quer fazer um estudo na B\u00edblia e fazer as suas anota\u00e7\u00f5es, desenvolvemos a B\u00edblia Sagrada NVT com acabamento Luxo. Na vers\u00e3o NVT para tornar a leitura da B\u00edblia ainda mais atraente, com uma linguagem que permite entendermos melhor ainda os ensinamentos da Palavra de Deus, a B\u00edblia Nova Vers\u00e3o Transformadora (NVT) traz uma nova abordagem dos vers\u00edculos.<br \/>\nTraduzida por um grupo de profissionais especializados na linguagem dos textos b\u00edblicos originais, que foram escritos em hebraico, aramaico e grego, a B\u00edblia NVT traz uma linguagem de f\u00e1cil compreens\u00e3o, numa abordagem contempor\u00e2nea da l\u00edngua portuguesa.<br \/>\nRefer\u00eancia entre os crist\u00e3os que leem e estudam a Palavra, a B\u00edblia NVT nos permite assimilar com mais sabedoria o que Deus nos ensina e, assim, sermos s\u00e1bios e prudentes nos desviando do mal em nosso caminho.<\/p>\n","protected":false},"excerpt":{"rendered":"<p>Para voc\u00ea que quer fazer um estudo na B\u00edblia e fazer as suas anota\u00e7\u00f5es, desenvolvemos a B\u00edblia Sagrada NVT com&hellip;<\/p>\n","protected":false},"featured_media":326027,"comment_status":"open","ping_status":"closed","template":"","meta":[],"product_cat":[139,225],"product_tag":[],"_links":{"self":[{"href":"https:\/\/www.livrariarema.com.br\/loja\/wp-json\/wp\/v2\/product\/241650"}],"collection":[{"href":"https:\/\/www.livrariarema.com.br\/loja\/wp-json\/wp\/v2\/product"}],"about":[{"href":"https:\/\/www.livrariarema.com.br\/loja\/wp-json\/wp\/v2\/types\/product"}],"replies":[{"embeddable":true,"href":"https:\/\/www.livrariarema.com.br\/loja\/wp-json\/wp\/v2\/comments?post=241650"}],"wp:featuredmedia":[{"embeddable":true,"href":"https:\/\/www.livrariarema.com.br\/loja\/wp-json\/wp\/v2\/media\/326027"}],"wp:attachment":[{"href":"https:\/\/www.livrariarema.com.br\/loja\/wp-json\/wp\/v2\/media?parent=241650"}],"wp:term":[{"taxonomy":"product_cat","embeddable":true,"href":"https:\/\/www.livrariarema.com.br\/loja\/wp-json\/wp\/v2\/product_cat?post=241650"},{"taxonomy":"product_tag","embeddable":true,"href":"https:\/\/www.livrariarema.com.br\/loja\/wp-json\/wp\/v2\/product_tag?post=241650"}],"curies":[{"name":"wp","href":"https:\/\/api.w.org\/{rel}","templated":true}]}}