{"id":241717,"date":"2023-07-11T08:31:03","date_gmt":"2023-07-11T11:31:03","guid":{"rendered":"https:\/\/www.livrariarema.com.br\/loja\/produtos\/sem categoria\/bons-pensamentos-sublime\/"},"modified":"2025-07-11T13:50:35","modified_gmt":"2025-07-11T16:50:35","slug":"bons-pensamentos-sublime","status":"publish","type":"product","link":"https:\/\/www.livrariarema.com.br\/loja\/produtos\/livros\/devocional\/bons-pensamentos-sublime\/","title":{"rendered":"Bons Pensamentos &#8211; Sublime"},"content":{"rendered":"<p>Expresse seus pensamentos, palavras e devo\u00e7\u00f5es neste livro de 192 p\u00e1ginas. Com papel encorpado na cor creme. Escolha entre as capas preta, rosa e Sublime. Registre cada momento com #BonsPensamentos<\/p>\n","protected":false},"excerpt":{"rendered":"<p>Expresse seus pensamentos, palavras e devo\u00e7\u00f5es neste livro de 192 p\u00e1ginas. Com papel encorpado na cor creme. Escolha entre as&hellip;<\/p>\n","protected":false},"featured_media":326016,"comment_status":"open","ping_status":"closed","template":"","meta":[],"product_cat":[158,134],"product_tag":[],"_links":{"self":[{"href":"https:\/\/www.livrariarema.com.br\/loja\/wp-json\/wp\/v2\/product\/241717"}],"collection":[{"href":"https:\/\/www.livrariarema.com.br\/loja\/wp-json\/wp\/v2\/product"}],"about":[{"href":"https:\/\/www.livrariarema.com.br\/loja\/wp-json\/wp\/v2\/types\/product"}],"replies":[{"embeddable":true,"href":"https:\/\/www.livrariarema.com.br\/loja\/wp-json\/wp\/v2\/comments?post=241717"}],"wp:featuredmedia":[{"embeddable":true,"href":"https:\/\/www.livrariarema.com.br\/loja\/wp-json\/wp\/v2\/media\/326016"}],"wp:attachment":[{"href":"https:\/\/www.livrariarema.com.br\/loja\/wp-json\/wp\/v2\/media?parent=241717"}],"wp:term":[{"taxonomy":"product_cat","embeddable":true,"href":"https:\/\/www.livrariarema.com.br\/loja\/wp-json\/wp\/v2\/product_cat?post=241717"},{"taxonomy":"product_tag","embeddable":true,"href":"https:\/\/www.livrariarema.com.br\/loja\/wp-json\/wp\/v2\/product_tag?post=241717"}],"curies":[{"name":"wp","href":"https:\/\/api.w.org\/{rel}","templated":true}]}}