{"id":241851,"date":"2023-07-11T11:29:31","date_gmt":"2023-07-11T14:29:31","guid":{"rendered":"https:\/\/www.livrariarema.com.br\/loja\/produtos\/sem categoria\/biblia-rc-letra-extra-gigante-especial-rosa-poema\/"},"modified":"2026-01-05T14:32:29","modified_gmt":"2026-01-05T17:32:29","slug":"biblia-rc-letra-extra-gigante-especial-rosa-poema","status":"publish","type":"product","link":"https:\/\/www.livrariarema.com.br\/loja\/produtos\/biblias\/revista-corrigida-biblias\/biblia-rc-letra-extra-gigante-especial-rosa-poema\/","title":{"rendered":"B\u00edblia &#8211; Rc &#8211; Letra Extra Gigante &#8211; Especial &#8211; Rosa Poema"},"content":{"rendered":"<p>Esta B\u00edblia est\u00e1 na vers\u00e3o Revista e Corrigida, a mais utilizada e consagrada pelos crist\u00e3os do Brasil. Traduzida dos textos originais pelo mission\u00e1rio portugu\u00eas Jo\u00e3o Ferreira de Almeida, esta obra se destaca por sua linguagem elegante e erudita.<\/p>\n","protected":false},"excerpt":{"rendered":"<p>Esta B\u00edblia est\u00e1 na vers\u00e3o Revista e Corrigida, a mais utilizada e consagrada pelos crist\u00e3os do Brasil. Traduzida dos textos&hellip;<\/p>\n","protected":false},"featured_media":325905,"comment_status":"open","ping_status":"closed","template":"","meta":[],"product_cat":[139,149],"product_tag":[],"_links":{"self":[{"href":"https:\/\/www.livrariarema.com.br\/loja\/wp-json\/wp\/v2\/product\/241851"}],"collection":[{"href":"https:\/\/www.livrariarema.com.br\/loja\/wp-json\/wp\/v2\/product"}],"about":[{"href":"https:\/\/www.livrariarema.com.br\/loja\/wp-json\/wp\/v2\/types\/product"}],"replies":[{"embeddable":true,"href":"https:\/\/www.livrariarema.com.br\/loja\/wp-json\/wp\/v2\/comments?post=241851"}],"wp:featuredmedia":[{"embeddable":true,"href":"https:\/\/www.livrariarema.com.br\/loja\/wp-json\/wp\/v2\/media\/325905"}],"wp:attachment":[{"href":"https:\/\/www.livrariarema.com.br\/loja\/wp-json\/wp\/v2\/media?parent=241851"}],"wp:term":[{"taxonomy":"product_cat","embeddable":true,"href":"https:\/\/www.livrariarema.com.br\/loja\/wp-json\/wp\/v2\/product_cat?post=241851"},{"taxonomy":"product_tag","embeddable":true,"href":"https:\/\/www.livrariarema.com.br\/loja\/wp-json\/wp\/v2\/product_tag?post=241851"}],"curies":[{"name":"wp","href":"https:\/\/api.w.org\/{rel}","templated":true}]}}