{"id":241855,"date":"2023-07-11T11:29:42","date_gmt":"2023-07-11T14:29:42","guid":{"rendered":"https:\/\/www.livrariarema.com.br\/loja\/produtos\/sem categoria\/biblia-nvt-letra-grande-luxo-preta\/"},"modified":"2026-01-07T15:00:43","modified_gmt":"2026-01-07T18:00:43","slug":"biblia-nvt-letra-grande-luxo-preta","status":"publish","type":"product","link":"https:\/\/www.livrariarema.com.br\/loja\/produtos\/biblias\/nvt\/biblia-nvt-letra-grande-luxo-preta\/","title":{"rendered":"B\u00edblia &#8211; Nvt &#8211; Letra Grande &#8211; Luxo &#8211; Preta"},"content":{"rendered":"<p>Para tornar a leitura da B\u00edblia Sagrada ainda mais atraente, com uma linguagem que permite entendermos melhor ainda os ensinamentos da Palavra de Deus, a B\u00edblia Nova Vers\u00e3o Transformadora (NVT) traz uma nova abordagem dos vers\u00edculos.<\/p>\n<p>Traduzida por um grupo de profissionais especializados na linguagem dos textos b\u00edblicos originais, que foram escritos em hebraico, aramaico e grego, a B\u00edblia NVT traz uma linguagem de f\u00e1cil compreens\u00e3o, numa abordagem contempor\u00e2nea da l\u00edngua portuguesa.<\/p>\n","protected":false},"excerpt":{"rendered":"<p>Para tornar a leitura da B\u00edblia Sagrada ainda mais atraente, com uma linguagem que permite entendermos melhor ainda os ensinamentos&hellip;<\/p>\n","protected":false},"featured_media":340762,"comment_status":"open","ping_status":"closed","template":"","meta":[],"product_cat":[139,225],"product_tag":[],"_links":{"self":[{"href":"https:\/\/www.livrariarema.com.br\/loja\/wp-json\/wp\/v2\/product\/241855"}],"collection":[{"href":"https:\/\/www.livrariarema.com.br\/loja\/wp-json\/wp\/v2\/product"}],"about":[{"href":"https:\/\/www.livrariarema.com.br\/loja\/wp-json\/wp\/v2\/types\/product"}],"replies":[{"embeddable":true,"href":"https:\/\/www.livrariarema.com.br\/loja\/wp-json\/wp\/v2\/comments?post=241855"}],"wp:featuredmedia":[{"embeddable":true,"href":"https:\/\/www.livrariarema.com.br\/loja\/wp-json\/wp\/v2\/media\/340762"}],"wp:attachment":[{"href":"https:\/\/www.livrariarema.com.br\/loja\/wp-json\/wp\/v2\/media?parent=241855"}],"wp:term":[{"taxonomy":"product_cat","embeddable":true,"href":"https:\/\/www.livrariarema.com.br\/loja\/wp-json\/wp\/v2\/product_cat?post=241855"},{"taxonomy":"product_tag","embeddable":true,"href":"https:\/\/www.livrariarema.com.br\/loja\/wp-json\/wp\/v2\/product_tag?post=241855"}],"curies":[{"name":"wp","href":"https:\/\/api.w.org\/{rel}","templated":true}]}}