{"id":241865,"date":"2023-07-11T11:53:46","date_gmt":"2023-07-11T14:53:46","guid":{"rendered":"https:\/\/www.livrariarema.com.br\/loja\/produtos\/sem categoria\/biblia-comics-preta\/"},"modified":"2025-12-11T12:15:14","modified_gmt":"2025-12-11T15:15:14","slug":"biblia-comics-preta","status":"publish","type":"product","link":"https:\/\/www.livrariarema.com.br\/loja\/produtos\/livros\/infantil-biblia\/biblia-comics-preta\/","title":{"rendered":"Biblia Comics &#8211; Preta"},"content":{"rendered":"<p>Deixe-se levar pela incr\u00edvel hist\u00f3ria da reden\u00e7\u00e3o apresentada nesta B\u00edblia ilustrada fascinante. Em suas 840 p\u00e1ginas, a B\u00edblia Comics conta a hist\u00f3ria central da B\u00edblia, com uma arte dram\u00e1tica e colorida criada por alguns dos melhores artistas de quadrinhos da DC e da Marvel, al\u00e9m de informa\u00e7\u00f5es extras que ajudam a explicar como as Escrituras chegaram at\u00e9 n\u00f3s. <br \/>\nEsteja voc\u00ea lendo a B\u00edblia pela primeira vez ou procurando uma nova perspectiva, a narrativa cinematogr\u00e1fica da B\u00edblia Comics tornar\u00e1 a leitura da Palavra de Deus uma experi\u00eancia fascinante. Se voc\u00ea amou ler a B\u00edblia em A\u00e7\u00e3o, ficar\u00e1 entusiasmado<br \/>\ncom os efeitos gr\u00e1ficos e visuais apresentados pela B\u00edblia Comics. <br \/>\nEsta adapta\u00e7\u00e3o impressionante das hist\u00f3rias b\u00edblicas para quadrinhos \u00e9 capaz de atrair at\u00e9 mesmo os leitores mais hesitantes para a fant\u00e1stica hist\u00f3ria do plano redentor de Deus para a humanidade.<\/p>\n","protected":false},"excerpt":{"rendered":"<p>Deixe-se levar pela incr\u00edvel hist\u00f3ria da reden\u00e7\u00e3o apresentada nesta B\u00edblia ilustrada fascinante. Em suas 840 p\u00e1ginas, a B\u00edblia Comics conta&hellip;<\/p>\n","protected":false},"featured_media":340766,"comment_status":"open","ping_status":"closed","template":"","meta":[],"product_cat":[165,134],"product_tag":[],"_links":{"self":[{"href":"https:\/\/www.livrariarema.com.br\/loja\/wp-json\/wp\/v2\/product\/241865"}],"collection":[{"href":"https:\/\/www.livrariarema.com.br\/loja\/wp-json\/wp\/v2\/product"}],"about":[{"href":"https:\/\/www.livrariarema.com.br\/loja\/wp-json\/wp\/v2\/types\/product"}],"replies":[{"embeddable":true,"href":"https:\/\/www.livrariarema.com.br\/loja\/wp-json\/wp\/v2\/comments?post=241865"}],"wp:featuredmedia":[{"embeddable":true,"href":"https:\/\/www.livrariarema.com.br\/loja\/wp-json\/wp\/v2\/media\/340766"}],"wp:attachment":[{"href":"https:\/\/www.livrariarema.com.br\/loja\/wp-json\/wp\/v2\/media?parent=241865"}],"wp:term":[{"taxonomy":"product_cat","embeddable":true,"href":"https:\/\/www.livrariarema.com.br\/loja\/wp-json\/wp\/v2\/product_cat?post=241865"},{"taxonomy":"product_tag","embeddable":true,"href":"https:\/\/www.livrariarema.com.br\/loja\/wp-json\/wp\/v2\/product_tag?post=241865"}],"curies":[{"name":"wp","href":"https:\/\/api.w.org\/{rel}","templated":true}]}}