{"id":241868,"date":"2023-07-11T11:55:21","date_gmt":"2023-07-11T14:55:21","guid":{"rendered":"https:\/\/www.livrariarema.com.br\/loja\/produtos\/sem categoria\/venha-conhecer-minha-melhor-amiga-sheila-walsh\/"},"modified":"2025-07-14T12:10:53","modified_gmt":"2025-07-14T15:10:53","slug":"venha-conhecer-minha-melhor-amiga-sheila-walsh","status":"publish","type":"product","link":"https:\/\/www.livrariarema.com.br\/loja\/produtos\/livros\/infantil\/venha-conhecer-minha-melhor-amiga-sheila-walsh\/","title":{"rendered":"Venha Conhecer Minha Melhor Amiga &#8211; Sheila Walsh"},"content":{"rendered":"<p>Voc\u00ea quer conhecer minha melhor amiga? <br \/>\nOs g\u00eameos est\u00e3o muito felizes por conhecer Ana, a nova vizinha que acaba de se mudar para a casa ao lado. Ana est\u00e1 com saudades da amiga que fi cou em sua terra natal. <br \/>\nPara anim\u00e1-la, os g\u00eameos (e seus ador\u00e1veis cachorros) oferecer\u00e3o pistas para que Ana encontre a melhor amiga deles &#8212; uma amiga que poder\u00e1 acompanh\u00e1-la por onde quer que v\u00e1. <br \/>\nMas primeiro Ana precisar\u00e1 procur\u00e1-la por toda parte.<br \/>\nVenha participar dessa linda hist\u00f3ria em que Ana conhecer\u00e1 a melhor amiga que algu\u00e9m pode ter, uma amiga que foi dada pelo pr\u00f3prio Deus!<\/p>\n","protected":false},"excerpt":{"rendered":"<p>Voc\u00ea quer conhecer minha melhor amiga? Os g\u00eameos est\u00e3o muito felizes por conhecer Ana, a nova vizinha que acaba de&hellip;<\/p>\n","protected":false},"featured_media":326030,"comment_status":"open","ping_status":"closed","template":"","meta":[],"product_cat":[144,134],"product_tag":[],"_links":{"self":[{"href":"https:\/\/www.livrariarema.com.br\/loja\/wp-json\/wp\/v2\/product\/241868"}],"collection":[{"href":"https:\/\/www.livrariarema.com.br\/loja\/wp-json\/wp\/v2\/product"}],"about":[{"href":"https:\/\/www.livrariarema.com.br\/loja\/wp-json\/wp\/v2\/types\/product"}],"replies":[{"embeddable":true,"href":"https:\/\/www.livrariarema.com.br\/loja\/wp-json\/wp\/v2\/comments?post=241868"}],"wp:featuredmedia":[{"embeddable":true,"href":"https:\/\/www.livrariarema.com.br\/loja\/wp-json\/wp\/v2\/media\/326030"}],"wp:attachment":[{"href":"https:\/\/www.livrariarema.com.br\/loja\/wp-json\/wp\/v2\/media?parent=241868"}],"wp:term":[{"taxonomy":"product_cat","embeddable":true,"href":"https:\/\/www.livrariarema.com.br\/loja\/wp-json\/wp\/v2\/product_cat?post=241868"},{"taxonomy":"product_tag","embeddable":true,"href":"https:\/\/www.livrariarema.com.br\/loja\/wp-json\/wp\/v2\/product_tag?post=241868"}],"curies":[{"name":"wp","href":"https:\/\/api.w.org\/{rel}","templated":true}]}}