{"id":242572,"date":"2023-07-17T09:59:31","date_gmt":"2023-07-17T12:59:31","guid":{"rendered":"https:\/\/www.livrariarema.com.br\/loja\/produtos\/sem%20categoria\/ferozmente-amada-lisa-bevere\/"},"modified":"2026-04-08T16:06:35","modified_gmt":"2026-04-08T19:06:35","slug":"ferozmente-amada-lisa-bevere","status":"publish","type":"product","link":"https:\/\/www.livrariarema.com.br\/loja\/produtos\/livros\/mulher\/ferozmente-amada-lisa-bevere\/","title":{"rendered":"Ferozmente Amada &#8211; Lisa  Bevere"},"content":{"rendered":"<p>Os pensamentos impressionantes de Deus a seu respeito.<br \/>\nQuando Deus pensa em voc\u00ea, n\u00e3o procura uma raz\u00e3o para desqualific\u00e1-la, rejeit\u00e1-la ou julg\u00e1-la. Ele n\u00e3o est\u00e1 esperando que voc\u00ea caia. Nunca! Deus \u00e9 \u00e0 prova de falhas em nos qualificar, nos adotar e nos redimir. Somos n\u00f3s que ficamos focados em nossos erros, mas nosso Pai n\u00e3o \u00e9 assim.<\/p>\n<p>O que Davi escreveu no Salmo 139 ainda \u00e9 verdade hoje: &#8220;Como s\u00e3o preciosos para mim os teus pensamentos, \u00f3 Deus! Como \u00e9 grande a soma deles! Se eu os contasse, seriam mais do que os gr\u00e3os de areia. Se terminasse de cont\u00e1-los, eu ainda estaria contigo&#8221; (vv. 17-18). N\u00e3o existe um \u00fanico segundo, quer voc\u00ea esteja acordada ou dormindo, em que Deus n\u00e3o esteja tendo pensamentos ferozes de amor ardente por voc\u00ea. Tudo muda quando voc\u00ea conhece essa verdade, e \u00e9 importante que voc\u00ea nunca mais duvide dela.<\/p>\n<p>Voc\u00ea \u00e9 ferozmente amada e profundamente desejada. Deus sempre pensa coisas boas a seu respeito.<\/p>\n<p>Neste devocional de noventa dias, Lisa Bevere, autora best-seller segundo o New York Times, quer mudar sua perspectiva de ser algu\u00e9m que \u00e9 apenas tolerada para algu\u00e9m que \u00e9 ferozmente amada. Cada dia explora um aspecto diferente da nossa identidade, da verdade de Deus sobre n\u00f3s e da conex\u00e3o \u00edntima que Ele tem com seus filhos. <\/p>\n","protected":false},"excerpt":{"rendered":"<p>Os pensamentos impressionantes de Deus a seu respeito. Quando Deus pensa em voc\u00ea, n\u00e3o procura uma raz\u00e3o para desqualific\u00e1-la, rejeit\u00e1-la&hellip;<\/p>\n","protected":false},"featured_media":345976,"comment_status":"open","ping_status":"closed","template":"","meta":[],"product_cat":[134,170],"product_tag":[],"_links":{"self":[{"href":"https:\/\/www.livrariarema.com.br\/loja\/wp-json\/wp\/v2\/product\/242572"}],"collection":[{"href":"https:\/\/www.livrariarema.com.br\/loja\/wp-json\/wp\/v2\/product"}],"about":[{"href":"https:\/\/www.livrariarema.com.br\/loja\/wp-json\/wp\/v2\/types\/product"}],"replies":[{"embeddable":true,"href":"https:\/\/www.livrariarema.com.br\/loja\/wp-json\/wp\/v2\/comments?post=242572"}],"wp:featuredmedia":[{"embeddable":true,"href":"https:\/\/www.livrariarema.com.br\/loja\/wp-json\/wp\/v2\/media\/345976"}],"wp:attachment":[{"href":"https:\/\/www.livrariarema.com.br\/loja\/wp-json\/wp\/v2\/media?parent=242572"}],"wp:term":[{"taxonomy":"product_cat","embeddable":true,"href":"https:\/\/www.livrariarema.com.br\/loja\/wp-json\/wp\/v2\/product_cat?post=242572"},{"taxonomy":"product_tag","embeddable":true,"href":"https:\/\/www.livrariarema.com.br\/loja\/wp-json\/wp\/v2\/product_tag?post=242572"}],"curies":[{"name":"wp","href":"https:\/\/api.w.org\/{rel}","templated":true}]}}