{"id":243028,"date":"2023-07-17T15:10:53","date_gmt":"2023-07-17T18:10:53","guid":{"rendered":"https:\/\/www.livrariarema.com.br\/loja\/produtos\/sem categoria\/ra065cdilglv-biblia-do-obreiro-concordancia-e-dicionario-marrom\/"},"modified":"2025-09-17T13:39:20","modified_gmt":"2025-09-17T16:39:20","slug":"ra065cdilglv-biblia-do-obreiro-concordancia-e-dicionario-marrom","status":"publish","type":"product","link":"https:\/\/www.livrariarema.com.br\/loja\/produtos\/biblias\/estudo\/ra065cdilglv-biblia-do-obreiro-concordancia-e-dicionario-marrom\/","title":{"rendered":"Ra065cdilglv &#8211; B\u00edblia Do Obreiro &#8211; Concord\u00e2ncia E Dicion\u00e1rio &#8211; Marrom"},"content":{"rendered":"<p>Com letra grande e uma s\u00e9rie de recursos, esta B\u00edblia re\u00fane as principais ferramentas necess\u00e1rias para a realiza\u00e7\u00e3o do trabalho do obreiro.<\/p>\n","protected":false},"excerpt":{"rendered":"<p>Com letra grande e uma s\u00e9rie de recursos, esta B\u00edblia re\u00fane as principais ferramentas necess\u00e1rias para a realiza\u00e7\u00e3o do trabalho&hellip;<\/p>\n","protected":false},"featured_media":337075,"comment_status":"open","ping_status":"closed","template":"","meta":[],"product_cat":[139,140],"product_tag":[],"_links":{"self":[{"href":"https:\/\/www.livrariarema.com.br\/loja\/wp-json\/wp\/v2\/product\/243028"}],"collection":[{"href":"https:\/\/www.livrariarema.com.br\/loja\/wp-json\/wp\/v2\/product"}],"about":[{"href":"https:\/\/www.livrariarema.com.br\/loja\/wp-json\/wp\/v2\/types\/product"}],"replies":[{"embeddable":true,"href":"https:\/\/www.livrariarema.com.br\/loja\/wp-json\/wp\/v2\/comments?post=243028"}],"wp:featuredmedia":[{"embeddable":true,"href":"https:\/\/www.livrariarema.com.br\/loja\/wp-json\/wp\/v2\/media\/337075"}],"wp:attachment":[{"href":"https:\/\/www.livrariarema.com.br\/loja\/wp-json\/wp\/v2\/media?parent=243028"}],"wp:term":[{"taxonomy":"product_cat","embeddable":true,"href":"https:\/\/www.livrariarema.com.br\/loja\/wp-json\/wp\/v2\/product_cat?post=243028"},{"taxonomy":"product_tag","embeddable":true,"href":"https:\/\/www.livrariarema.com.br\/loja\/wp-json\/wp\/v2\/product_tag?post=243028"}],"curies":[{"name":"wp","href":"https:\/\/api.w.org\/{rel}","templated":true}]}}