{"id":243032,"date":"2023-07-17T15:11:05","date_gmt":"2023-07-17T18:11:05","guid":{"rendered":"https:\/\/www.livrariarema.com.br\/loja\/produtos\/sem categoria\/ntlh40m-biblia-sagrada-smilinguido-ilustrada-flau\/"},"modified":"2026-04-29T14:00:22","modified_gmt":"2026-04-29T17:00:22","slug":"ntlh40m-biblia-sagrada-smilinguido-ilustrada-flau","status":"publish","type":"product","link":"https:\/\/www.livrariarema.com.br\/loja\/produtos\/biblias\/infantil-biblias\/ntlh40m-biblia-sagrada-smilinguido-ilustrada-flau\/","title":{"rendered":"Ntlh40m &#8211; Biblia Sagrada &#8211; Smilinguido &#8211; Ilustrada &#8211; Flau"},"content":{"rendered":"<p>As crian\u00e7as ter\u00e3o um motivo a mais para ler e estudar as Escrituras Sagradas. A Sociedade B\u00edblica do Brasil traz de volta a B\u00edblia Sagrada com a simp\u00e1tica turminha do Smilinguido, apresentada em 16 l\u00e2minas coloridas e ilustradas com passagens b\u00edblicas destacadas.<\/p>\n","protected":false},"excerpt":{"rendered":"<p>As crian\u00e7as ter\u00e3o um motivo a mais para ler e estudar as Escrituras Sagradas. A Sociedade B\u00edblica do Brasil traz&hellip;<\/p>\n","protected":false},"featured_media":327780,"comment_status":"open","ping_status":"closed","template":"","meta":[],"product_cat":[139,202],"product_tag":[],"_links":{"self":[{"href":"https:\/\/www.livrariarema.com.br\/loja\/wp-json\/wp\/v2\/product\/243032"}],"collection":[{"href":"https:\/\/www.livrariarema.com.br\/loja\/wp-json\/wp\/v2\/product"}],"about":[{"href":"https:\/\/www.livrariarema.com.br\/loja\/wp-json\/wp\/v2\/types\/product"}],"replies":[{"embeddable":true,"href":"https:\/\/www.livrariarema.com.br\/loja\/wp-json\/wp\/v2\/comments?post=243032"}],"wp:featuredmedia":[{"embeddable":true,"href":"https:\/\/www.livrariarema.com.br\/loja\/wp-json\/wp\/v2\/media\/327780"}],"wp:attachment":[{"href":"https:\/\/www.livrariarema.com.br\/loja\/wp-json\/wp\/v2\/media?parent=243032"}],"wp:term":[{"taxonomy":"product_cat","embeddable":true,"href":"https:\/\/www.livrariarema.com.br\/loja\/wp-json\/wp\/v2\/product_cat?post=243032"},{"taxonomy":"product_tag","embeddable":true,"href":"https:\/\/www.livrariarema.com.br\/loja\/wp-json\/wp\/v2\/product_tag?post=243032"}],"curies":[{"name":"wp","href":"https:\/\/api.w.org\/{rel}","templated":true}]}}