{"id":243038,"date":"2023-07-17T15:11:19","date_gmt":"2023-07-17T18:11:19","guid":{"rendered":"https:\/\/www.livrariarema.com.br\/loja\/produtos\/sem%20categoria\/ra085tibp-biblia-de-estudo-plenitude-cinza\/"},"modified":"2026-04-29T13:58:29","modified_gmt":"2026-04-29T16:58:29","slug":"ra085tibp-biblia-de-estudo-plenitude-cinza","status":"publish","type":"product","link":"https:\/\/www.livrariarema.com.br\/loja\/produtos\/biblias\/estudo\/ra085tibp-biblia-de-estudo-plenitude-cinza\/","title":{"rendered":"Ra085tibp &#8211; B\u00edblia De Estudo Plenitude &#8211; Cinza &#8211; Com \u00cdndice"},"content":{"rendered":"<p>De orienta\u00e7\u00e3o teol\u00f3gica pentecostal e carism\u00e1tica, foi desenvolvida por mais de 60 conceituados especialistas da \u00e1rea b\u00edblica, sob a coordena\u00e7\u00e3o de Jack W. Hayford, doutor em Teologia e editor geral da publica\u00e7\u00e3o. <br \/>\nAo longo de toda a obra est\u00e1 inclu\u00eddo um recurso desenvolvido por respeitados l\u00edderes crist\u00e3os da atualidade. <br \/>\nTrata-se da Din\u00e2mica do Reino, que enfoca 22 temas b\u00edblicos considerados relevantes \u00e0 edifica\u00e7\u00e3o da igreja e totalmente baseados na Palavra de Deus, que trazem discuss\u00f5es elucidativas destes t\u00f3picos em mais de 350 passagens das Escrituras Sagradas. <br \/>\nOutra importante ferramenta \u00e9 a Palavra-Chave, que tem o objetivo de esclarecer passagens importantes e expandir a compreens\u00e3o geral do leitor quanto \u00e0s Escrituras. Mais de 550 termos teol\u00f3gicos, estudados a partir dos originais &#8211; hebraico, aramaico e grego &#8211; foram inclu\u00eddos. A publica\u00e7\u00e3o tamb\u00e9m disponibiliza o Verdade em A\u00e7\u00e3o, um quadro pr\u00e1tico que aponta as maneiras de aplicar os ensinamentos b\u00edblicos no dia a dia.<br \/>\n Al\u00e9m de todos esses recursos, a Plenitude conta com mais de 10 mil notas de estudo e concord\u00e2ncia b\u00edblica com 3,2 mil verbetes e mais de 20,5 mil passagens b\u00edblicas referenciadas<\/p>\n","protected":false},"excerpt":{"rendered":"<p>De orienta\u00e7\u00e3o teol\u00f3gica pentecostal e carism\u00e1tica, foi desenvolvida por mais de 60 conceituados especialistas da \u00e1rea b\u00edblica, sob a coordena\u00e7\u00e3o&hellip;<\/p>\n","protected":false},"featured_media":347640,"comment_status":"open","ping_status":"closed","template":"","meta":[],"product_cat":[139,140],"product_tag":[],"_links":{"self":[{"href":"https:\/\/www.livrariarema.com.br\/loja\/wp-json\/wp\/v2\/product\/243038"}],"collection":[{"href":"https:\/\/www.livrariarema.com.br\/loja\/wp-json\/wp\/v2\/product"}],"about":[{"href":"https:\/\/www.livrariarema.com.br\/loja\/wp-json\/wp\/v2\/types\/product"}],"replies":[{"embeddable":true,"href":"https:\/\/www.livrariarema.com.br\/loja\/wp-json\/wp\/v2\/comments?post=243038"}],"wp:featuredmedia":[{"embeddable":true,"href":"https:\/\/www.livrariarema.com.br\/loja\/wp-json\/wp\/v2\/media\/347640"}],"wp:attachment":[{"href":"https:\/\/www.livrariarema.com.br\/loja\/wp-json\/wp\/v2\/media?parent=243038"}],"wp:term":[{"taxonomy":"product_cat","embeddable":true,"href":"https:\/\/www.livrariarema.com.br\/loja\/wp-json\/wp\/v2\/product_cat?post=243038"},{"taxonomy":"product_tag","embeddable":true,"href":"https:\/\/www.livrariarema.com.br\/loja\/wp-json\/wp\/v2\/product_tag?post=243038"}],"curies":[{"name":"wp","href":"https:\/\/api.w.org\/{rel}","templated":true}]}}