{"id":244145,"date":"2023-07-25T11:06:05","date_gmt":"2023-07-25T14:06:05","guid":{"rendered":"https:\/\/www.livrariarema.com.br\/loja\/produtos\/sem categoria\/juntos-na-escuridao-diana-gruver\/"},"modified":"2024-03-04T15:41:24","modified_gmt":"2024-03-04T18:41:24","slug":"juntos-na-escuridao-diana-gruver","status":"publish","type":"product","link":"https:\/\/www.livrariarema.com.br\/loja\/produtos\/livros\/cura-libertacao\/juntos-na-escuridao-diana-gruver\/","title":{"rendered":"Juntos Na Escurid\u00e3o &#8211; Diana Gruver"},"content":{"rendered":"<p>Em busca de for\u00e7as para lidar com a depress\u00e3o, Diana Gruver, mestre em Forma\u00e7\u00e3o Espiritual pelo Semin\u00e1rio Teol\u00f3gico Gordon-Conwell, encontrou exemplos edificantes de homens e mulheres que conviveram com a doen\u00e7a e que, apesar de todas as dificuldades, conseguiram desempenhar papel relevante na hist\u00f3ria da igreja.<\/p>\n<p>Em Juntos na escurid\u00e3o, a autora revela sua pr\u00f3pria experi\u00eancia com a melancolia, o des\u00e2nimo e a depress\u00e3o e revisita a trajet\u00f3ria de sete nomes influentes da hist\u00f3ria da igreja: Martinho Lutero, Hannah Allen, David Brainerd, William Cowper, Charles Spurgeon, Madre Teresa e Martin Luther King Jr. Ao mostrar que at\u00e9 her\u00f3is da f\u00e9 enfrentaram profundos estados de prostra\u00e7\u00e3o f\u00edsica e mental, Gruver convida o leitor a encontrar neles companhia na luta contra as trevas da depress\u00e3o.<\/p>\n<p>Juntos na escurid\u00e3o esclarece que a f\u00e9 n\u00e3o exclui a ajuda especializada, sobretudo em casos de adoecimento mental. Seus insights s\u00e3o \u00fateis para profissionais de assist\u00eancia psicol\u00f3gica e aconselhamento, pastores e l\u00edderes e todo leitor que busque literatura que trabalhe temas da espiritualidade crist\u00e3 com a pauta em quest\u00e3o. Trata-se de obra escrita para quem luta contra a depress\u00e3o e para quem cuida ou convive com pessoas acometidas pela doen\u00e7a.<\/p>\n","protected":false},"excerpt":{"rendered":"<p>Em busca de for\u00e7as para lidar com a depress\u00e3o, Diana Gruver, mestre em Forma\u00e7\u00e3o Espiritual pelo Semin\u00e1rio Teol\u00f3gico Gordon-Conwell, encontrou&hellip;<\/p>\n","protected":false},"featured_media":286639,"comment_status":"open","ping_status":"closed","template":"","meta":[],"product_cat":[157,134],"product_tag":[],"_links":{"self":[{"href":"https:\/\/www.livrariarema.com.br\/loja\/wp-json\/wp\/v2\/product\/244145"}],"collection":[{"href":"https:\/\/www.livrariarema.com.br\/loja\/wp-json\/wp\/v2\/product"}],"about":[{"href":"https:\/\/www.livrariarema.com.br\/loja\/wp-json\/wp\/v2\/types\/product"}],"replies":[{"embeddable":true,"href":"https:\/\/www.livrariarema.com.br\/loja\/wp-json\/wp\/v2\/comments?post=244145"}],"wp:featuredmedia":[{"embeddable":true,"href":"https:\/\/www.livrariarema.com.br\/loja\/wp-json\/wp\/v2\/media\/286639"}],"wp:attachment":[{"href":"https:\/\/www.livrariarema.com.br\/loja\/wp-json\/wp\/v2\/media?parent=244145"}],"wp:term":[{"taxonomy":"product_cat","embeddable":true,"href":"https:\/\/www.livrariarema.com.br\/loja\/wp-json\/wp\/v2\/product_cat?post=244145"},{"taxonomy":"product_tag","embeddable":true,"href":"https:\/\/www.livrariarema.com.br\/loja\/wp-json\/wp\/v2\/product_tag?post=244145"}],"curies":[{"name":"wp","href":"https:\/\/api.w.org\/{rel}","templated":true}]}}