{"id":244433,"date":"2023-07-26T14:50:41","date_gmt":"2023-07-26T17:50:41","guid":{"rendered":"https:\/\/www.livrariarema.com.br\/loja\/produtos\/sem%20categoria\/porque-sou-cristao-john-stott\/"},"modified":"2025-09-29T16:44:45","modified_gmt":"2025-09-29T19:44:45","slug":"porque-sou-cristao-john-stott","status":"publish","type":"product","link":"https:\/\/www.livrariarema.com.br\/loja\/produtos\/livros\/apologetica\/porque-sou-cristao-john-stott\/","title":{"rendered":"Por Que Sou Crist\u00e3o &#8211; John Stott"},"content":{"rendered":"<p>Muitos anos atr\u00e1s, um garoto solit\u00e1rio foi a uma pequena e escura capela em busca de Deus.<br \/>\nMais tarde, entregou a sua vida a Cristo. Essa acabou sendo a decis\u00e3o mais importante de toda a sua vida. Se n\u00e3o fosse por Cristo &#8211; ele reflete &#8211; sua vida seria mais uma na lata de lixo das vidas perdidas e descartadas. Em vez disso, sua vida tem sido usada para conduzir muitos outros \u00e0 nova vida e a um entendimento mais profundo daquele que deu a sua vida para que n\u00f3s viv\u00eassemos.<\/p>\n<p>Agora ele conta a sua hist\u00f3ria espiritual e d\u00e1 as raz\u00f5es da sua mudan\u00e7a de vida, do seu primeiro passo de f\u00e9 no caminho que tem seguido desde ent\u00e3o. Para John Stott, n\u00e3o foi ele que encontrou Cristo, mas Cristo o encontrou. Ele tornou-se crist\u00e3o n\u00e3o porque a f\u00e9 crist\u00e3 \u00e9 atrativa, mas porque \u00e9 verdadeira; n\u00e3o porque merecesse ser salvo, mas porque Cristo tomou os seus pecados &#8211; e os de cada um de n\u00f3s &#8211; sobre si mesmo.<\/p>\n<p>Por Que Sou Crist\u00e3o mostra que a resposta para o paradoxo existente no cora\u00e7\u00e3o humano e a chave para a verdadeira liberdade e plenitude s\u00f3 podem ser encontradas em Cristo. E ele faz o maior de todos os convites a cada um de n\u00f3s e espera pacientemente a nossa resposta.<\/p>\n","protected":false},"excerpt":{"rendered":"<p>Muitos anos atr\u00e1s, um garoto solit\u00e1rio foi a uma pequena e escura capela em busca de Deus. Mais tarde, entregou&hellip;<\/p>\n","protected":false},"featured_media":338741,"comment_status":"open","ping_status":"closed","template":"","meta":[],"product_cat":[156,134],"product_tag":[],"_links":{"self":[{"href":"https:\/\/www.livrariarema.com.br\/loja\/wp-json\/wp\/v2\/product\/244433"}],"collection":[{"href":"https:\/\/www.livrariarema.com.br\/loja\/wp-json\/wp\/v2\/product"}],"about":[{"href":"https:\/\/www.livrariarema.com.br\/loja\/wp-json\/wp\/v2\/types\/product"}],"replies":[{"embeddable":true,"href":"https:\/\/www.livrariarema.com.br\/loja\/wp-json\/wp\/v2\/comments?post=244433"}],"wp:featuredmedia":[{"embeddable":true,"href":"https:\/\/www.livrariarema.com.br\/loja\/wp-json\/wp\/v2\/media\/338741"}],"wp:attachment":[{"href":"https:\/\/www.livrariarema.com.br\/loja\/wp-json\/wp\/v2\/media?parent=244433"}],"wp:term":[{"taxonomy":"product_cat","embeddable":true,"href":"https:\/\/www.livrariarema.com.br\/loja\/wp-json\/wp\/v2\/product_cat?post=244433"},{"taxonomy":"product_tag","embeddable":true,"href":"https:\/\/www.livrariarema.com.br\/loja\/wp-json\/wp\/v2\/product_tag?post=244433"}],"curies":[{"name":"wp","href":"https:\/\/api.w.org\/{rel}","templated":true}]}}