{"id":245640,"date":"2023-08-03T16:39:16","date_gmt":"2023-08-03T19:39:16","guid":{"rendered":"https:\/\/www.livrariarema.com.br\/loja\/produtos\/sem categoria\/biblia-de-estudo-macarthur-nvi-leitura-perfeita-capa-dura-tecido\/"},"modified":"2026-02-24T12:17:34","modified_gmt":"2026-02-24T15:17:34","slug":"biblia-de-estudo-macarthur-nvi-leitura-perfeita-capa-dura-tecido","status":"publish","type":"product","link":"https:\/\/www.livrariarema.com.br\/loja\/produtos\/biblias\/estudo\/biblia-de-estudo-macarthur-nvi-leitura-perfeita-capa-dura-tecido\/","title":{"rendered":"B\u00edblia De Estudo Macarthur &#8211; Nvi &#8211; Leitura Perfeita &#8211; Capa Dura &#8211; Tecido"},"content":{"rendered":"<p>As minuciosas notas de estudo do Dr. JohnMacArthur, fruto de mais de 50 anos de experi\u00eancia ministerial, servem de aux\u00edlio para melhorar nossa compreens\u00e3o da palavra de Deus. Essa foi a experi\u00eancia de mais de dois milh\u00f5es de leitores em todo o mundo que tiveram suas vidas espirituais enriquecidas atrav\u00e9s da B\u00edblia de Estudo MacArthur. As notas de estudo vers\u00edculo por vers\u00edculo, as introdu\u00e7\u00f5es aos livros b\u00edblicos e os artigos mostram um compromisso inigual\u00e1vel com a precis\u00e3o interpretativa &#8211; a fim de tornar Deus conhecido por meio de sua Palavra.<\/p>\n<p>A B\u00edblia de Estudo MacArthur inclui:<br \/>\n&#8211; 25 mil notas de estudo vers\u00edculo por vers\u00edculo para uma melhor compreens\u00e3o das Escrituras<br \/>\n&#8211; Introdu\u00e7\u00f5es aos livros b\u00edblicos que fornecem uma vis\u00e3o geral do pano de fundo e do contexto hist\u00f3rico do livro prestes a ser lido<br \/>\n&#8211; 190 mapas, gr\u00e1ficos e diagramas fornecem uma representa\u00e7\u00e3o visual de significados, temas, ensinamentos, pessoas e lugares das Escrituras;<br \/>\n&#8211; Esbo\u00e7o de Teologia Sistem\u00e1tica para orientar o estudo da doutrina b\u00edblica numa ordem l\u00f3gica<br \/>\n&#8211; Milhares de refer\u00eancias cruzadas para facilitar a pesquisa de passagens relacionadas<br \/>\n&#8211; Cronologia dos Patriarcas e Ju\u00edzes do Antigo Testamento<br \/>\n&#8211; Cronologia dos Reis e Profetas do Antigo Testamento<br \/>\n&#8211; Cronologia do Novo Testamento<br \/>\n&#8211; Panorama da Vida de Cristo, Minist\u00e9rio e Semana da Paix\u00e3o<br \/>\n&#8211; Harmonia dos Evangelhos<br \/>\n&#8211; Introdu\u00e7\u00f5es a cada se\u00e7\u00e3o principal da Escritura<br \/>\n&#8211; Introdu\u00e7\u00e3o ao Per\u00edodo Intertestament\u00e1rio<br \/>\n&#8211; \u00cdndice das Principais Doutrinas B\u00edblicas<\/p>\n","protected":false},"excerpt":{"rendered":"<p>As minuciosas notas de estudo do Dr. JohnMacArthur, fruto de mais de 50 anos de experi\u00eancia ministerial, servem de aux\u00edlio&hellip;<\/p>\n","protected":false},"featured_media":345262,"comment_status":"open","ping_status":"closed","template":"","meta":[],"product_cat":[139,140],"product_tag":[],"_links":{"self":[{"href":"https:\/\/www.livrariarema.com.br\/loja\/wp-json\/wp\/v2\/product\/245640"}],"collection":[{"href":"https:\/\/www.livrariarema.com.br\/loja\/wp-json\/wp\/v2\/product"}],"about":[{"href":"https:\/\/www.livrariarema.com.br\/loja\/wp-json\/wp\/v2\/types\/product"}],"replies":[{"embeddable":true,"href":"https:\/\/www.livrariarema.com.br\/loja\/wp-json\/wp\/v2\/comments?post=245640"}],"wp:featuredmedia":[{"embeddable":true,"href":"https:\/\/www.livrariarema.com.br\/loja\/wp-json\/wp\/v2\/media\/345262"}],"wp:attachment":[{"href":"https:\/\/www.livrariarema.com.br\/loja\/wp-json\/wp\/v2\/media?parent=245640"}],"wp:term":[{"taxonomy":"product_cat","embeddable":true,"href":"https:\/\/www.livrariarema.com.br\/loja\/wp-json\/wp\/v2\/product_cat?post=245640"},{"taxonomy":"product_tag","embeddable":true,"href":"https:\/\/www.livrariarema.com.br\/loja\/wp-json\/wp\/v2\/product_tag?post=245640"}],"curies":[{"name":"wp","href":"https:\/\/api.w.org\/{rel}","templated":true}]}}