{"id":245642,"date":"2023-08-03T16:39:22","date_gmt":"2023-08-03T19:39:22","guid":{"rendered":"https:\/\/www.livrariarema.com.br\/loja\/produtos\/sem categoria\/efesios-para-nos-prisca-lessa\/"},"modified":"2026-02-25T15:43:59","modified_gmt":"2026-02-25T18:43:59","slug":"efesios-para-nos-prisca-lessa","status":"publish","type":"product","link":"https:\/\/www.livrariarema.com.br\/loja\/produtos\/livros\/estudo-biblico\/efesios-para-nos-prisca-lessa\/","title":{"rendered":"Ef\u00e9sios Para N\u00f3s &#8211; Prisca Lessa"},"content":{"rendered":"<p>Permita-se crescer em gra\u00e7a e sabedoria para edificar a si mesma e aos outros ao seu redor.<\/p>\n<p>Assim como diversos outros saberes te\u00f3ricos, a Teologia foi, por muito tempo, um espa\u00e7o dominado por homens. Por esse motivo, ela pode soar intimidadora para muitas mulheres. Mas n\u00f3s tamb\u00e9m precisamos de teologia. Mais do que isso, precisamos de uma boa teologia &#8211; que seja acess\u00edvel e de qualidade. E isso passa por conhecer profundamente as Escrituras.<br \/>\nEf\u00e9sios para n\u00f3s \u00e9 um estudo indutivo que te ajudar\u00e1, a partir da Ep\u00edstola aos Ef\u00e9sios, a assimilar o conte\u00fado da B\u00edblia de maneira mais assertiva, compreendendo o verdadeiro prop\u00f3sito da Palavra. O percurso se divide em tr\u00eas etapas: a leitura integral do livro de Ef\u00e9sios, reflex\u00e3o sobre quest\u00f5es introdut\u00f3rias a partir dessa leitura e, por fim, estudo do livro verso a verso. Seguindo o m\u00e9todo indutivo, voc\u00ea desenvolver\u00e1 aptid\u00e3o e autonomia para lidar diretamente com o texto b\u00edblico, aprendendo a deixar que as Escrituras falem por si mesmas e desenvolvendo um relacionamento mais \u00edntimo com a Palavra.<\/p>\n","protected":false},"excerpt":{"rendered":"<p>Permita-se crescer em gra\u00e7a e sabedoria para edificar a si mesma e aos outros ao seu redor. Assim como diversos&hellip;<\/p>\n","protected":false},"featured_media":345453,"comment_status":"open","ping_status":"closed","template":"","meta":[],"product_cat":[161,134],"product_tag":[],"_links":{"self":[{"href":"https:\/\/www.livrariarema.com.br\/loja\/wp-json\/wp\/v2\/product\/245642"}],"collection":[{"href":"https:\/\/www.livrariarema.com.br\/loja\/wp-json\/wp\/v2\/product"}],"about":[{"href":"https:\/\/www.livrariarema.com.br\/loja\/wp-json\/wp\/v2\/types\/product"}],"replies":[{"embeddable":true,"href":"https:\/\/www.livrariarema.com.br\/loja\/wp-json\/wp\/v2\/comments?post=245642"}],"wp:featuredmedia":[{"embeddable":true,"href":"https:\/\/www.livrariarema.com.br\/loja\/wp-json\/wp\/v2\/media\/345453"}],"wp:attachment":[{"href":"https:\/\/www.livrariarema.com.br\/loja\/wp-json\/wp\/v2\/media?parent=245642"}],"wp:term":[{"taxonomy":"product_cat","embeddable":true,"href":"https:\/\/www.livrariarema.com.br\/loja\/wp-json\/wp\/v2\/product_cat?post=245642"},{"taxonomy":"product_tag","embeddable":true,"href":"https:\/\/www.livrariarema.com.br\/loja\/wp-json\/wp\/v2\/product_tag?post=245642"}],"curies":[{"name":"wp","href":"https:\/\/api.w.org\/{rel}","templated":true}]}}