{"id":245644,"date":"2023-08-03T16:39:28","date_gmt":"2023-08-03T19:39:28","guid":{"rendered":"https:\/\/www.livrariarema.com.br\/loja\/produtos\/sem categoria\/biblia-leitura-perfeita-letra-grande-nvi-couro-soft-preto\/"},"modified":"2026-03-21T11:42:09","modified_gmt":"2026-03-21T14:42:09","slug":"biblia-leitura-perfeita-letra-grande-nvi-couro-soft-preto","status":"publish","type":"product","link":"https:\/\/www.livrariarema.com.br\/loja\/produtos\/biblias\/nvi\/biblia-leitura-perfeita-letra-grande-nvi-couro-soft-preto\/","title":{"rendered":"B\u00edblia Leitura Perfeita &#8211; Letra Grande &#8211; Nvi &#8211; Couro Soft &#8211; Preto"},"content":{"rendered":"<p>A B\u00edblia \u00e9 o livro mais pessoal da vida de algu\u00e9m. Ela \u00e9 canal de conhecimento, crescimento e transforma\u00e7\u00e3o. Verdadeira companheira em nosso dia a dia, \u00e9 para ela que corremos quando precisamos de consolo e ajuda, confrontamento e corre\u00e7\u00e3o; atrav\u00e9s de seu texto n\u00f3s podemos conhecer o Deus que nos criou.<br \/>\nPor ser objeto de estudo frequente, nada melhor do que ter suas palavras veiculadas de forma a desfrutar do maior conforto poss\u00edvel na hora da leitura. Esta B\u00edblia proporciona exatamente isso: a letra \u00e9 grande e est\u00e1 formatada na fonte Leitura Perfeita, uma exclusividade Thomas Nelson Brasil que torna a leitura muito mais fluida; a tradu\u00e7\u00e3o \u00e9 a Nova Vers\u00e3o Internacional, conhecida por sua clareza e acessibilidade. O design de capa \u00e9 moderno e minimalista, e o acabamento em courosoft (PU) conferem f\u00e1cil manuseio e resist\u00eancia. O resultado \u00e9 uma B\u00edblia que une praticidade e design, perfeita para se tornar a companheira dos seus dias.<\/p>\n<p>Caracter\u00edsticas<br \/>\nTexto na tradu\u00e7\u00e3o NVI (Nova Vers\u00e3o Internacional)<br \/>\nLetra Tamanho Grande<br \/>\nFonte Leitura Perfeita<br \/>\nCapa em courosoft (PU)<br \/>\nPintura Trilateral <br \/>\nLombada costurada para abertura total<br \/>\nFitilho Colorido<\/p>\n","protected":false},"excerpt":{"rendered":"<p>A B\u00edblia \u00e9 o livro mais pessoal da vida de algu\u00e9m. Ela \u00e9 canal de conhecimento, crescimento e transforma\u00e7\u00e3o. Verdadeira&hellip;<\/p>\n","protected":false},"featured_media":343374,"comment_status":"open","ping_status":"closed","template":"","meta":[],"product_cat":[139,166],"product_tag":[],"_links":{"self":[{"href":"https:\/\/www.livrariarema.com.br\/loja\/wp-json\/wp\/v2\/product\/245644"}],"collection":[{"href":"https:\/\/www.livrariarema.com.br\/loja\/wp-json\/wp\/v2\/product"}],"about":[{"href":"https:\/\/www.livrariarema.com.br\/loja\/wp-json\/wp\/v2\/types\/product"}],"replies":[{"embeddable":true,"href":"https:\/\/www.livrariarema.com.br\/loja\/wp-json\/wp\/v2\/comments?post=245644"}],"wp:featuredmedia":[{"embeddable":true,"href":"https:\/\/www.livrariarema.com.br\/loja\/wp-json\/wp\/v2\/media\/343374"}],"wp:attachment":[{"href":"https:\/\/www.livrariarema.com.br\/loja\/wp-json\/wp\/v2\/media?parent=245644"}],"wp:term":[{"taxonomy":"product_cat","embeddable":true,"href":"https:\/\/www.livrariarema.com.br\/loja\/wp-json\/wp\/v2\/product_cat?post=245644"},{"taxonomy":"product_tag","embeddable":true,"href":"https:\/\/www.livrariarema.com.br\/loja\/wp-json\/wp\/v2\/product_tag?post=245644"}],"curies":[{"name":"wp","href":"https:\/\/api.w.org\/{rel}","templated":true}]}}