{"id":245650,"date":"2023-08-03T16:39:48","date_gmt":"2023-08-03T19:39:48","guid":{"rendered":"https:\/\/www.livrariarema.com.br\/loja\/produtos\/sem%20categoria\/foragidos-do-tempo-a-cancao-de-espectro-e-gloria-n-d-wilson\/"},"modified":"2026-02-28T11:32:27","modified_gmt":"2026-02-28T14:32:27","slug":"foragidos-do-tempo-a-cancao-de-espectro-e-gloria-n-d-wilson","status":"publish","type":"product","link":"https:\/\/www.livrariarema.com.br\/loja\/produtos\/livros\/ficcao\/foragidos-do-tempo-a-cancao-de-espectro-e-gloria-n-d-wilson\/","title":{"rendered":"Foragidos Do Tempo 2 &#8211; A Can\u00e7\u00e3o De Espectro E Gl\u00f3ria &#8211; N. D. Wilson"},"content":{"rendered":"<p>Samuca dos Milagres \u00e9 um garoto de doze anos de idade que vive em um abrigo. Em seus sonhos, por\u00e9m, ele \u00e9 um corajoso e lend\u00e1rio her\u00f3i do passado conhecido como Poncho, que derrota vil\u00f5es e salva pessoas indefesas.<\/p>\n<p>OU SER\u00c1 QUE N\u00c3O S\u00c3O SONHOS?<\/p>\n<p>Samuca vai descobrir que a \u00fanica coisa que separa o mundo que ele conhece e o mundo que imagina \u00e9 o tempo. E o tempo \u00e9 apenas uma ilus\u00e3o cujas leis podem ser alteradas por algumas pessoas especiais que podem viajar por ele.<\/p>\n<p>Com amigos como Gl\u00f3ria e Padre Tiempo, ele vai aprender que her\u00f3is tamb\u00e9m precisam de ajuda, principalmente quando enfrentam a maior miss\u00e3o de todas:<br \/>\n SALVAR TODA A HUMANIDADE<\/p>\n","protected":false},"excerpt":{"rendered":"<p>Samuca dos Milagres \u00e9 um garoto de doze anos de idade que vive em um abrigo. Em seus sonhos, por\u00e9m,&hellip;<\/p>\n","protected":false},"featured_media":343354,"comment_status":"open","ping_status":"closed","template":"","meta":[],"product_cat":[162,134],"product_tag":[],"_links":{"self":[{"href":"https:\/\/www.livrariarema.com.br\/loja\/wp-json\/wp\/v2\/product\/245650"}],"collection":[{"href":"https:\/\/www.livrariarema.com.br\/loja\/wp-json\/wp\/v2\/product"}],"about":[{"href":"https:\/\/www.livrariarema.com.br\/loja\/wp-json\/wp\/v2\/types\/product"}],"replies":[{"embeddable":true,"href":"https:\/\/www.livrariarema.com.br\/loja\/wp-json\/wp\/v2\/comments?post=245650"}],"wp:featuredmedia":[{"embeddable":true,"href":"https:\/\/www.livrariarema.com.br\/loja\/wp-json\/wp\/v2\/media\/343354"}],"wp:attachment":[{"href":"https:\/\/www.livrariarema.com.br\/loja\/wp-json\/wp\/v2\/media?parent=245650"}],"wp:term":[{"taxonomy":"product_cat","embeddable":true,"href":"https:\/\/www.livrariarema.com.br\/loja\/wp-json\/wp\/v2\/product_cat?post=245650"},{"taxonomy":"product_tag","embeddable":true,"href":"https:\/\/www.livrariarema.com.br\/loja\/wp-json\/wp\/v2\/product_tag?post=245650"}],"curies":[{"name":"wp","href":"https:\/\/api.w.org\/{rel}","templated":true}]}}