{"id":245654,"date":"2023-08-03T16:39:58","date_gmt":"2023-08-03T19:39:58","guid":{"rendered":"https:\/\/www.livrariarema.com.br\/loja\/produtos\/sem categoria\/psiquiatria-e-jesus-transforme-suas-emocoes-em-30-dias-ismael-sobrinho\/"},"modified":"2026-04-16T09:40:41","modified_gmt":"2026-04-16T12:40:41","slug":"psiquiatria-e-jesus-transforme-suas-emocoes-em-30-dias-ismael-sobrinho","status":"publish","type":"product","link":"https:\/\/www.livrariarema.com.br\/loja\/produtos\/livros\/vida-crista\/psiquiatria-e-jesus-transforme-suas-emocoes-em-30-dias-ismael-sobrinho\/","title":{"rendered":"Psiquiatria E Jesus &#8211; Transforme Suas Emo\u00e7\u00f5es Em 30 Dias &#8211; Ismael Sobrinho"},"content":{"rendered":"<p>Ismael Sobrinho apresenta a escrita terap\u00eautica guiada, em que voc\u00ea ser\u00e1<br \/>\nconvidado a ser agente ativo da busca por solu\u00e7\u00f5es e respostas ao longo de toda<br \/>\nesta obra. Com amplo conhecimento de d\u00e9cadas de atendimento cl\u00ednico na \u00e1rea<br \/>\npsiqui\u00e1trica, grande paix\u00e3o pela B\u00edblia e entusiasmo pela teologia, o autor utiliza<br \/>\na teoria simplificada e as palavras como ferramenta de aplica\u00e7\u00e3o para a vida.<br \/>\nAprender a olhar para si mesmo \u00e9 uma das tarefas mais \u00e1rduas dos seres<br \/>\nhumanos. A facilidade que temos de apontar a vida do pr\u00f3ximo \u00e9 equivalente<br \/>\n\u00e0 dificuldade de fazer uma verdadeira e profunda autoavalia\u00e7\u00e3o que conduza<br \/>\n\u00e0 mudan\u00e7a de longo prazo. Este livro \u00e9 um convite a fazer pausas no ritmo<br \/>\nacelerado em que vivemos e a aprender com Jesus o caminho para uma vida<br \/>\nemocional mais equilibrada, sem extremismos ou respostas prontas.<br \/>\nObra necess\u00e1ria para a sociedade que busca a felicidade a qualquer<br \/>\ncusto, Psiquiatria e Jesus ser\u00e1 um divisor de \u00e1guas para o crist\u00e3o<br \/>\npiedoso que deseja viver em intimidade com Jesus.<\/p>\n","protected":false},"excerpt":{"rendered":"<p>Ismael Sobrinho apresenta a escrita terap\u00eautica guiada, em que voc\u00ea ser\u00e1 convidado a ser agente ativo da busca por solu\u00e7\u00f5es&hellip;<\/p>\n","protected":false},"featured_media":343355,"comment_status":"open","ping_status":"closed","template":"","meta":[],"product_cat":[134,137],"product_tag":[],"_links":{"self":[{"href":"https:\/\/www.livrariarema.com.br\/loja\/wp-json\/wp\/v2\/product\/245654"}],"collection":[{"href":"https:\/\/www.livrariarema.com.br\/loja\/wp-json\/wp\/v2\/product"}],"about":[{"href":"https:\/\/www.livrariarema.com.br\/loja\/wp-json\/wp\/v2\/types\/product"}],"replies":[{"embeddable":true,"href":"https:\/\/www.livrariarema.com.br\/loja\/wp-json\/wp\/v2\/comments?post=245654"}],"wp:featuredmedia":[{"embeddable":true,"href":"https:\/\/www.livrariarema.com.br\/loja\/wp-json\/wp\/v2\/media\/343355"}],"wp:attachment":[{"href":"https:\/\/www.livrariarema.com.br\/loja\/wp-json\/wp\/v2\/media?parent=245654"}],"wp:term":[{"taxonomy":"product_cat","embeddable":true,"href":"https:\/\/www.livrariarema.com.br\/loja\/wp-json\/wp\/v2\/product_cat?post=245654"},{"taxonomy":"product_tag","embeddable":true,"href":"https:\/\/www.livrariarema.com.br\/loja\/wp-json\/wp\/v2\/product_tag?post=245654"}],"curies":[{"name":"wp","href":"https:\/\/api.w.org\/{rel}","templated":true}]}}