{"id":245658,"date":"2023-08-03T16:40:13","date_gmt":"2023-08-03T19:40:13","guid":{"rendered":"https:\/\/www.livrariarema.com.br\/loja\/produtos\/sem%20categoria\/calcados-confortaveis-pes-descalcos-sharon-garlough-brown\/"},"modified":"2026-01-26T16:17:12","modified_gmt":"2026-01-26T19:17:12","slug":"calcados-confortaveis-pes-descalcos-sharon-garlough-brown","status":"publish","type":"product","link":"https:\/\/www.livrariarema.com.br\/loja\/produtos\/livros\/romance\/calcados-confortaveis-pes-descalcos-sharon-garlough-brown\/","title":{"rendered":"Cal\u00e7ados Confort\u00e1veis 3 &#8211; P\u00e9s Descal\u00e7os &#8211; Sharon Garlough Brown"},"content":{"rendered":"<p>Desde que se conheceram no Retiro Nova Esperan\u00e7a, Mara, Hanna, Charissa e Meg deram in\u00edcio a uma intensa jornada de redescoberta espiritual. Nessa nova etapa do percurso, as quatro amigas precisar\u00e3o aprender se render e aceitar a alegria plena de Deus.<\/p>\n<p>Em meio a um div\u00f3rcio turbulento, Mara tem que abandonar o ressentimento e a amargura para encontrar gra\u00e7a em seu novo normal. Hanna precisa deixar de lado suas expectativas (e at\u00e9 mesmo sua reputa\u00e7\u00e3o) para tra\u00e7ar um novo rumo com Nathan. Com a chegada cada vez mais pr\u00f3xima do beb\u00ea amea\u00e7ando novas oportunidades profissionais, Charissa deve aprender a reduzir sua necessidade de controle para acolher com confian\u00e7a o que Deus lhe reserva. Desapontada com rela\u00e7\u00f5es rompidas e sonhos n\u00e3o realizados, Meg precisa superar seus medos e preocupa\u00e7\u00f5es para poder encarar os desafios que ainda est\u00e3o por vir. Depois de tudo o que viveram at\u00e9 aqui, elas ser\u00e3o capazes de abra\u00e7ar a alegria de ter suas vidas entregues a Deus, caminhando em dire\u00e7\u00e3o ao solo sagrado com m\u00e3os vazias e p\u00e9s descal\u00e7os?<\/p>\n","protected":false},"excerpt":{"rendered":"<p>Desde que se conheceram no Retiro Nova Esperan\u00e7a, Mara, Hanna, Charissa e Meg deram in\u00edcio a uma intensa jornada de&hellip;<\/p>\n","protected":false},"featured_media":343112,"comment_status":"open","ping_status":"closed","template":"","meta":[],"product_cat":[134,182],"product_tag":[],"_links":{"self":[{"href":"https:\/\/www.livrariarema.com.br\/loja\/wp-json\/wp\/v2\/product\/245658"}],"collection":[{"href":"https:\/\/www.livrariarema.com.br\/loja\/wp-json\/wp\/v2\/product"}],"about":[{"href":"https:\/\/www.livrariarema.com.br\/loja\/wp-json\/wp\/v2\/types\/product"}],"replies":[{"embeddable":true,"href":"https:\/\/www.livrariarema.com.br\/loja\/wp-json\/wp\/v2\/comments?post=245658"}],"wp:featuredmedia":[{"embeddable":true,"href":"https:\/\/www.livrariarema.com.br\/loja\/wp-json\/wp\/v2\/media\/343112"}],"wp:attachment":[{"href":"https:\/\/www.livrariarema.com.br\/loja\/wp-json\/wp\/v2\/media?parent=245658"}],"wp:term":[{"taxonomy":"product_cat","embeddable":true,"href":"https:\/\/www.livrariarema.com.br\/loja\/wp-json\/wp\/v2\/product_cat?post=245658"},{"taxonomy":"product_tag","embeddable":true,"href":"https:\/\/www.livrariarema.com.br\/loja\/wp-json\/wp\/v2\/product_tag?post=245658"}],"curies":[{"name":"wp","href":"https:\/\/api.w.org\/{rel}","templated":true}]}}