{"id":245660,"date":"2023-08-03T16:40:18","date_gmt":"2023-08-03T19:40:18","guid":{"rendered":"https:\/\/www.livrariarema.com.br\/loja\/produtos\/sem categoria\/uma-teologia-da-vida-crista-como-imitar-e-participar-de-deus-christopher-holmes\/"},"modified":"2026-03-26T17:21:05","modified_gmt":"2026-03-26T20:21:05","slug":"uma-teologia-da-vida-crista-como-imitar-e-participar-de-deus-christopher-holmes","status":"publish","type":"product","link":"https:\/\/www.livrariarema.com.br\/loja\/produtos\/promocao\/livros-promocao\/uma-teologia-da-vida-crista-como-imitar-e-participar-de-deus-christopher-holmes\/","title":{"rendered":"Uma Teologia Da Vida Crist\u00e3 &#8211; Como Imitar E Participar De Deus &#8211; Christopher Holmes"},"content":{"rendered":"<p>A VIDA CRIST\u00c3 IMPLICA VIVENCIAR COMO DEUS \u00c9 EM SI MESMO<\/p>\n<p>Muitas vezes, livros que discorrem sobre a vida crist\u00e3 se resumem a conselhos \u00e9ticos, enumera\u00e7\u00f5es de disciplinas espirituais e chav\u00f5es religiosos. Em Uma teologia da vida crist\u00e3, Christopher Holmes, um dos jovens te\u00f3logos dogm\u00e1ticos mais promissores da atualidade, tra\u00e7a um curso diferente.<\/p>\n<p>Com base em uma leitura atenta das Escrituras e no que h\u00e1 de melhor na tradi\u00e7\u00e3o crist\u00e3, Holmes desenvolve um programa de renovo espiritual fundado nos atributos essenciais de Deus, tais como a exist\u00eancia, a perfei\u00e7\u00e3o, a infinitude e a imutabilidade. Explorando pensadores t\u00e3o diferentes quanto Agostinho e Tom\u00e1s de Aquino, Karl Barth e M\u00e1ximo Confessor, este livro demonstra como compartilhamos vida com Deus atrav\u00e9s da imita\u00e7\u00e3o e da participa\u00e7\u00e3o, e tamb\u00e9m como as doutrinas acerca do Deus triuno e de seus atributos formam nossa compreens\u00e3o da vida crist\u00e3.<\/p>\n<p>Como Holmes defende, somos crist\u00e3os quando o que \u00e9 verdadeiro sobre Deus \u00e9 mais, e n\u00e3o menos, verdadeiro sobre n\u00f3s.<\/p>\n","protected":false},"excerpt":{"rendered":"<p>A VIDA CRIST\u00c3 IMPLICA VIVENCIAR COMO DEUS \u00c9 EM SI MESMO Muitas vezes, livros que discorrem sobre a vida crist\u00e3&hellip;<\/p>\n","protected":false},"featured_media":345361,"comment_status":"open","ping_status":"closed","template":"","meta":[],"product_cat":[143,142],"product_tag":[],"_links":{"self":[{"href":"https:\/\/www.livrariarema.com.br\/loja\/wp-json\/wp\/v2\/product\/245660"}],"collection":[{"href":"https:\/\/www.livrariarema.com.br\/loja\/wp-json\/wp\/v2\/product"}],"about":[{"href":"https:\/\/www.livrariarema.com.br\/loja\/wp-json\/wp\/v2\/types\/product"}],"replies":[{"embeddable":true,"href":"https:\/\/www.livrariarema.com.br\/loja\/wp-json\/wp\/v2\/comments?post=245660"}],"wp:featuredmedia":[{"embeddable":true,"href":"https:\/\/www.livrariarema.com.br\/loja\/wp-json\/wp\/v2\/media\/345361"}],"wp:attachment":[{"href":"https:\/\/www.livrariarema.com.br\/loja\/wp-json\/wp\/v2\/media?parent=245660"}],"wp:term":[{"taxonomy":"product_cat","embeddable":true,"href":"https:\/\/www.livrariarema.com.br\/loja\/wp-json\/wp\/v2\/product_cat?post=245660"},{"taxonomy":"product_tag","embeddable":true,"href":"https:\/\/www.livrariarema.com.br\/loja\/wp-json\/wp\/v2\/product_tag?post=245660"}],"curies":[{"name":"wp","href":"https:\/\/api.w.org\/{rel}","templated":true}]}}