{"id":245785,"date":"2023-08-04T10:01:17","date_gmt":"2023-08-04T13:01:17","guid":{"rendered":"https:\/\/www.livrariarema.com.br\/loja\/produtos\/sem%20categoria\/biblia-nova-biblia-viva-leia-ore-e-anote-nova-vida\/"},"modified":"2026-03-13T17:00:58","modified_gmt":"2026-03-13T20:00:58","slug":"biblia-nova-biblia-viva-leia-ore-e-anote-nova-vida","status":"publish","type":"product","link":"https:\/\/www.livrariarema.com.br\/loja\/produtos\/biblias\/viva\/biblia-nova-biblia-viva-leia-ore-e-anote-nova-vida\/","title":{"rendered":"B\u00edblia Nova Biblia Viva &#8211; Leia, Ore E Anote &#8211; Nova Vida"},"content":{"rendered":"<p>LEIA. ORE. ANOTE.<\/p>\n<p>Esse \u00e9 um triplo chamado para que exercitemos em nossa vida elementos fundamentais para nosso crescimento espiritual: a leitura da Palavra e a ora\u00e7\u00e3o. A esses dois elementos, adicionamos um terceiro integrante:  anote. Trata-se de um encorajamento que levar\u00e1 o leitor a se envolver de forma especial com as Escrituras. Esses tr\u00eas elementos interagem com estes tr\u00eas aux\u00edlios fundamentais para o leitor que ama a B\u00edblia Sagrada:<\/p>\n<p>&#8211; Minhas anota\u00e7\u00f5es. Registre as percep\u00e7\u00f5es do que voc\u00ea leu nas p\u00e1ginas abrangidas por esse item e que de alguma forma impactaram sua mente e seu cora\u00e7\u00e3o.<br \/>\n&#8211; Meu vers\u00edculo preferido. Selecione aquela passagem que mais falou \u00e0 sua mente e ao seu cora\u00e7\u00e3o.<br \/>\n&#8211; Minha ora\u00e7\u00e3o. Um espa\u00e7o para registrar em frases curtas um agradecimento ou uma s\u00faplica, tendo como base o que acabou de ser lido.<\/p>\n<p>Aproveite esses tr\u00eas recursos especiais da Nova B\u00edblia Viva: Leia, Ore e Anote para crescer ainda mais &#8220;em for\u00e7a espiritual e [conhecer] melhor o nosso Senhor e Salvador Jesus Cristo&#8221; (2Pedro 3:18).<\/p>\n<p>B\u00edblia em 2 cores, com palavras de Jesus em vermelho<\/p>\n<p>Acompanha Abas e outros adesivos, para voc\u00ea deixar a b\u00edblia do seu jeito!<\/p>\n<p>Capa Dura, espiral met\u00e1lico colorido e bordas arredondadas, mas melhor durabilidade!<\/p>\n<p>Sobre as Abas Adesivas:<br \/>\nAs abas adesivas s\u00e3o projetadas para ajud\u00e1-la(o) a organizar sua B\u00edblia de maneira eficiente, permitindo que voc\u00ea acesse instantaneamente qualquer livro, cap\u00edtulo ou vers\u00edculo (de g\u00eanesis a apocalipse).<\/p>\n<p>Acompanha 3 cartelas de abas adesivas completando os 66 livros da b\u00edblia, e tamb\u00e9m em todas as cartelas contem adesivos extras para voc\u00ea colar onde quiser!<\/p>\n<p>Para colar \u00e9 muito f\u00e1cil, as abas j\u00e1 s\u00e3o adesivas, vem com a marca onde voc\u00ea deve dobrar e colar, tamb\u00e9m conta com o nome dos livros da b\u00edblia frente e verso, senso assim, facilita ainda mais a busca pelo livro desejado.<\/p>\n","protected":false},"excerpt":{"rendered":"<p>LEIA. ORE. ANOTE. Esse \u00e9 um triplo chamado para que exercitemos em nossa vida elementos fundamentais para nosso crescimento espiritual:&hellip;<\/p>\n","protected":false},"featured_media":346153,"comment_status":"open","ping_status":"closed","template":"","meta":[],"product_cat":[139,243],"product_tag":[],"_links":{"self":[{"href":"https:\/\/www.livrariarema.com.br\/loja\/wp-json\/wp\/v2\/product\/245785"}],"collection":[{"href":"https:\/\/www.livrariarema.com.br\/loja\/wp-json\/wp\/v2\/product"}],"about":[{"href":"https:\/\/www.livrariarema.com.br\/loja\/wp-json\/wp\/v2\/types\/product"}],"replies":[{"embeddable":true,"href":"https:\/\/www.livrariarema.com.br\/loja\/wp-json\/wp\/v2\/comments?post=245785"}],"wp:featuredmedia":[{"embeddable":true,"href":"https:\/\/www.livrariarema.com.br\/loja\/wp-json\/wp\/v2\/media\/346153"}],"wp:attachment":[{"href":"https:\/\/www.livrariarema.com.br\/loja\/wp-json\/wp\/v2\/media?parent=245785"}],"wp:term":[{"taxonomy":"product_cat","embeddable":true,"href":"https:\/\/www.livrariarema.com.br\/loja\/wp-json\/wp\/v2\/product_cat?post=245785"},{"taxonomy":"product_tag","embeddable":true,"href":"https:\/\/www.livrariarema.com.br\/loja\/wp-json\/wp\/v2\/product_tag?post=245785"}],"curies":[{"name":"wp","href":"https:\/\/api.w.org\/{rel}","templated":true}]}}