{"id":246407,"date":"2023-08-08T18:09:43","date_gmt":"2023-08-08T21:09:43","guid":{"rendered":"https:\/\/www.livrariarema.com.br\/loja\/produtos\/sem%20categoria\/borracha-tris-holkic-balinha\/"},"modified":"2026-01-26T14:00:24","modified_gmt":"2026-01-26T17:00:24","slug":"borracha-tris-holkic-balinha","status":"publish","type":"product","link":"https:\/\/www.livrariarema.com.br\/loja\/produtos\/papelaria\/borracha\/borracha-tris-holkic-balinha\/","title":{"rendered":"Borracha &#8211; Tris &#8211; Holic &#8211; Balinha"},"content":{"rendered":"<p>Tudo de mais fofo \u00e9 o que voc\u00ea vai ver por aqui: comidinhas, arco-\u00edris e os bichinhos mais requisitados! A linha Holic Fofurices veio para deixar o seu estojo ainda mais lindo. A borracha Balinha possui capa r\u00edgida em forma de bala e borracha em duas cores, t\u00e3o fofa que da vontade de provar! Possui textura macia. S\u00e3o 2 lindas cores em conjunto de acetato!<\/p>\n<p>Registro Inmetro 002049\/2018<\/p>\n","protected":false},"excerpt":{"rendered":"<p>Tudo de mais fofo \u00e9 o que voc\u00ea vai ver por aqui: comidinhas, arco-\u00edris e os bichinhos mais requisitados! A&hellip;<\/p>\n","protected":false},"featured_media":335939,"comment_status":"open","ping_status":"closed","template":"","meta":[],"product_cat":[281,215],"product_tag":[],"_links":{"self":[{"href":"https:\/\/www.livrariarema.com.br\/loja\/wp-json\/wp\/v2\/product\/246407"}],"collection":[{"href":"https:\/\/www.livrariarema.com.br\/loja\/wp-json\/wp\/v2\/product"}],"about":[{"href":"https:\/\/www.livrariarema.com.br\/loja\/wp-json\/wp\/v2\/types\/product"}],"replies":[{"embeddable":true,"href":"https:\/\/www.livrariarema.com.br\/loja\/wp-json\/wp\/v2\/comments?post=246407"}],"wp:featuredmedia":[{"embeddable":true,"href":"https:\/\/www.livrariarema.com.br\/loja\/wp-json\/wp\/v2\/media\/335939"}],"wp:attachment":[{"href":"https:\/\/www.livrariarema.com.br\/loja\/wp-json\/wp\/v2\/media?parent=246407"}],"wp:term":[{"taxonomy":"product_cat","embeddable":true,"href":"https:\/\/www.livrariarema.com.br\/loja\/wp-json\/wp\/v2\/product_cat?post=246407"},{"taxonomy":"product_tag","embeddable":true,"href":"https:\/\/www.livrariarema.com.br\/loja\/wp-json\/wp\/v2\/product_tag?post=246407"}],"curies":[{"name":"wp","href":"https:\/\/api.w.org\/{rel}","templated":true}]}}