{"id":246486,"date":"2023-08-09T10:33:03","date_gmt":"2023-08-09T13:33:03","guid":{"rendered":"https:\/\/www.livrariarema.com.br\/loja\/produtos\/sem categoria\/bloco-de-notas-tris-holic-pop-50-folhas-cada-2-blocos\/"},"modified":"2026-01-05T10:31:18","modified_gmt":"2026-01-05T13:31:18","slug":"bloco-de-notas-tris-holic-pop-50-folhas-cada-2-blocos","status":"publish","type":"product","link":"https:\/\/www.livrariarema.com.br\/loja\/produtos\/papelaria\/bloco\/bloco-de-notas-tris-holic-pop-50-folhas-cada-2-blocos\/","title":{"rendered":"Bloco De Notas &#8211; Tris &#8211; Holic &#8211; Pop &#8211; 50 Folhas Cada &#8211; 2 Blocos"},"content":{"rendered":"<p>A cole\u00e7\u00e3o Forever 2000 d\u00e1 um toque moderno aos elementos nost\u00e1lgicos que est\u00e3o em alta. Cores fortes, molduras de sistemas operacionais antigos e efeito glitch s\u00e3o algumas das caracter\u00edsticas dessa linha que veio para resgatar os anos 2000 com muita divers\u00e3o e estilo. As notas autoadesivas Pop Up possui 2 modelos de 50 folhas cada. <br \/>\nDimens\u00f5es: 75x45mm.<\/p>\n","protected":false},"excerpt":{"rendered":"<p>A cole\u00e7\u00e3o Forever 2000 d\u00e1 um toque moderno aos elementos nost\u00e1lgicos que est\u00e3o em alta. Cores fortes, molduras de sistemas&hellip;<\/p>\n","protected":false},"featured_media":305206,"comment_status":"open","ping_status":"closed","template":"","meta":[],"product_cat":[239,215],"product_tag":[],"_links":{"self":[{"href":"https:\/\/www.livrariarema.com.br\/loja\/wp-json\/wp\/v2\/product\/246486"}],"collection":[{"href":"https:\/\/www.livrariarema.com.br\/loja\/wp-json\/wp\/v2\/product"}],"about":[{"href":"https:\/\/www.livrariarema.com.br\/loja\/wp-json\/wp\/v2\/types\/product"}],"replies":[{"embeddable":true,"href":"https:\/\/www.livrariarema.com.br\/loja\/wp-json\/wp\/v2\/comments?post=246486"}],"wp:featuredmedia":[{"embeddable":true,"href":"https:\/\/www.livrariarema.com.br\/loja\/wp-json\/wp\/v2\/media\/305206"}],"wp:attachment":[{"href":"https:\/\/www.livrariarema.com.br\/loja\/wp-json\/wp\/v2\/media?parent=246486"}],"wp:term":[{"taxonomy":"product_cat","embeddable":true,"href":"https:\/\/www.livrariarema.com.br\/loja\/wp-json\/wp\/v2\/product_cat?post=246486"},{"taxonomy":"product_tag","embeddable":true,"href":"https:\/\/www.livrariarema.com.br\/loja\/wp-json\/wp\/v2\/product_tag?post=246486"}],"curies":[{"name":"wp","href":"https:\/\/api.w.org\/{rel}","templated":true}]}}