{"id":246488,"date":"2023-08-09T10:33:10","date_gmt":"2023-08-09T13:33:10","guid":{"rendered":"https:\/\/www.livrariarema.com.br\/loja\/produtos\/sem categoria\/bloco-de-notas-tris-holic-flip-20-folhas-cada-5-blocos\/"},"modified":"2025-05-10T10:30:10","modified_gmt":"2025-05-10T13:30:10","slug":"bloco-de-notas-tris-holic-flip-20-folhas-cada-5-blocos","status":"publish","type":"product","link":"https:\/\/www.livrariarema.com.br\/loja\/produtos\/papelaria\/bloco\/bloco-de-notas-tris-holic-flip-20-folhas-cada-5-blocos\/","title":{"rendered":"Bloco De Notas &#8211; Tris &#8211; Holic &#8211; Flip &#8211; 20 Folhas Cada &#8211; 5 Blocos"},"content":{"rendered":"<p>A cole\u00e7\u00e3o Forever 2000 d\u00e1 um toque moderno aos elementos nost\u00e1lgicos que est\u00e3o em alta. <br \/>\nCores fortes, molduras de sistemas operacionais antigos e efeito glitch s\u00e3o algumas das caracter\u00edsticas dessa linha que veio para resgatar os anos 2000 com muita divers\u00e3o e estilo. <br \/>\nO kit de notas autoadesivas Flip \u00e9 inspirado no celular mais ic\u00f4nico da \u00e9poca e possui 1 bloco de notinhas e 4 blocos de marcadores de p\u00e1ginas. Cada bloco possui 20 folhas.<\/p>\n","protected":false},"excerpt":{"rendered":"<p>A cole\u00e7\u00e3o Forever 2000 d\u00e1 um toque moderno aos elementos nost\u00e1lgicos que est\u00e3o em alta. Cores fortes, molduras de sistemas&hellip;<\/p>\n","protected":false},"featured_media":257453,"comment_status":"open","ping_status":"closed","template":"","meta":[],"product_cat":[239,215],"product_tag":[],"_links":{"self":[{"href":"https:\/\/www.livrariarema.com.br\/loja\/wp-json\/wp\/v2\/product\/246488"}],"collection":[{"href":"https:\/\/www.livrariarema.com.br\/loja\/wp-json\/wp\/v2\/product"}],"about":[{"href":"https:\/\/www.livrariarema.com.br\/loja\/wp-json\/wp\/v2\/types\/product"}],"replies":[{"embeddable":true,"href":"https:\/\/www.livrariarema.com.br\/loja\/wp-json\/wp\/v2\/comments?post=246488"}],"wp:featuredmedia":[{"embeddable":true,"href":"https:\/\/www.livrariarema.com.br\/loja\/wp-json\/wp\/v2\/media\/257453"}],"wp:attachment":[{"href":"https:\/\/www.livrariarema.com.br\/loja\/wp-json\/wp\/v2\/media?parent=246488"}],"wp:term":[{"taxonomy":"product_cat","embeddable":true,"href":"https:\/\/www.livrariarema.com.br\/loja\/wp-json\/wp\/v2\/product_cat?post=246488"},{"taxonomy":"product_tag","embeddable":true,"href":"https:\/\/www.livrariarema.com.br\/loja\/wp-json\/wp\/v2\/product_tag?post=246488"}],"curies":[{"name":"wp","href":"https:\/\/api.w.org\/{rel}","templated":true}]}}