{"id":246505,"date":"2023-08-09T10:43:35","date_gmt":"2023-08-09T13:43:35","guid":{"rendered":"https:\/\/www.livrariarema.com.br\/loja\/produtos\/sem categoria\/lapiseira-tris-super-fit-2-0mm\/"},"modified":"2026-01-13T12:10:43","modified_gmt":"2026-01-13T15:10:43","slug":"lapiseira-tris-super-fit-2-0mm","status":"publish","type":"product","link":"https:\/\/www.livrariarema.com.br\/loja\/produtos\/papelaria\/lapiseira\/lapiseira-tris-super-fit-2-0mm\/","title":{"rendered":"Lapiseira &#8211; Tris &#8211; Super Fit &#8211; 2.0Mm"},"content":{"rendered":"<p>A lapiseira Super Fit possui tra\u00e7o refor\u00e7ado 2.0mm com apontador no topo, ideal para quem prefere tra\u00e7o mais parecido ao do l\u00e1pis ou est\u00e1 come\u00e7ando a utilizar lapiseiras! Possui resist\u00eancia na escrita e grip antideslizante!<\/p>\n<p>* Vendido Individualmente *<\/p>\n","protected":false},"excerpt":{"rendered":"<p>A lapiseira Super Fit possui tra\u00e7o refor\u00e7ado 2.0mm com apontador no topo, ideal para quem prefere tra\u00e7o mais parecido ao&hellip;<\/p>\n","protected":false},"featured_media":321130,"comment_status":"open","ping_status":"closed","template":"","meta":[],"product_cat":[276,215],"product_tag":[],"_links":{"self":[{"href":"https:\/\/www.livrariarema.com.br\/loja\/wp-json\/wp\/v2\/product\/246505"}],"collection":[{"href":"https:\/\/www.livrariarema.com.br\/loja\/wp-json\/wp\/v2\/product"}],"about":[{"href":"https:\/\/www.livrariarema.com.br\/loja\/wp-json\/wp\/v2\/types\/product"}],"replies":[{"embeddable":true,"href":"https:\/\/www.livrariarema.com.br\/loja\/wp-json\/wp\/v2\/comments?post=246505"}],"wp:featuredmedia":[{"embeddable":true,"href":"https:\/\/www.livrariarema.com.br\/loja\/wp-json\/wp\/v2\/media\/321130"}],"wp:attachment":[{"href":"https:\/\/www.livrariarema.com.br\/loja\/wp-json\/wp\/v2\/media?parent=246505"}],"wp:term":[{"taxonomy":"product_cat","embeddable":true,"href":"https:\/\/www.livrariarema.com.br\/loja\/wp-json\/wp\/v2\/product_cat?post=246505"},{"taxonomy":"product_tag","embeddable":true,"href":"https:\/\/www.livrariarema.com.br\/loja\/wp-json\/wp\/v2\/product_tag?post=246505"}],"curies":[{"name":"wp","href":"https:\/\/api.w.org\/{rel}","templated":true}]}}