{"id":246533,"date":"2023-08-09T10:44:57","date_gmt":"2023-08-09T13:44:57","guid":{"rendered":"https:\/\/www.livrariarema.com.br\/loja\/produtos\/sem categoria\/bloco-de-notas-tris-holic-pet-20-folhas-cada-5-blocos\/"},"modified":"2026-04-10T18:21:19","modified_gmt":"2026-04-10T21:21:19","slug":"bloco-de-notas-tris-holic-pet-20-folhas-cada-5-blocos","status":"publish","type":"product","link":"https:\/\/www.livrariarema.com.br\/loja\/produtos\/promocao\/papelaria-promocao\/bloco-de-notas-tris-holic-pet-20-folhas-cada-5-blocos\/","title":{"rendered":"Bloco De Notas &#8211; Tris &#8211; Holic &#8211; Pet &#8211; 20 Folhas Cada &#8211; 5 Blocos"},"content":{"rendered":"<p>Quanto mais fofinho melhor! Produtos de bichinho nunca saem de moda e est\u00e3o por toda a parte. <br \/>\nA cole\u00e7\u00e3o Pets vai ser a nova febre dos apaixonados por animais. O kit de notas autoadesivas + marcadores de p\u00e1gina Buddy \u00e9 perfeito pra voc\u00ea carregar para qualquer lugar: possui 4 estampas diferentes de marcador para que voc\u00ea possa diferenciar as marca\u00e7\u00f5es + um bloco de notas autoadesivas muito fofo para as suas anota\u00e7\u00f5es! <br \/>\nCada bloco possui 20 folhas.<\/p>\n","protected":false},"excerpt":{"rendered":"<p>Quanto mais fofinho melhor! Produtos de bichinho nunca saem de moda e est\u00e3o por toda a parte. A cole\u00e7\u00e3o Pets&hellip;<\/p>\n","protected":false},"featured_media":344151,"comment_status":"open","ping_status":"closed","template":"","meta":[],"product_cat":[307,142],"product_tag":[],"_links":{"self":[{"href":"https:\/\/www.livrariarema.com.br\/loja\/wp-json\/wp\/v2\/product\/246533"}],"collection":[{"href":"https:\/\/www.livrariarema.com.br\/loja\/wp-json\/wp\/v2\/product"}],"about":[{"href":"https:\/\/www.livrariarema.com.br\/loja\/wp-json\/wp\/v2\/types\/product"}],"replies":[{"embeddable":true,"href":"https:\/\/www.livrariarema.com.br\/loja\/wp-json\/wp\/v2\/comments?post=246533"}],"wp:featuredmedia":[{"embeddable":true,"href":"https:\/\/www.livrariarema.com.br\/loja\/wp-json\/wp\/v2\/media\/344151"}],"wp:attachment":[{"href":"https:\/\/www.livrariarema.com.br\/loja\/wp-json\/wp\/v2\/media?parent=246533"}],"wp:term":[{"taxonomy":"product_cat","embeddable":true,"href":"https:\/\/www.livrariarema.com.br\/loja\/wp-json\/wp\/v2\/product_cat?post=246533"},{"taxonomy":"product_tag","embeddable":true,"href":"https:\/\/www.livrariarema.com.br\/loja\/wp-json\/wp\/v2\/product_tag?post=246533"}],"curies":[{"name":"wp","href":"https:\/\/api.w.org\/{rel}","templated":true}]}}