{"id":246537,"date":"2023-08-09T10:45:09","date_gmt":"2023-08-09T13:45:09","guid":{"rendered":"https:\/\/www.livrariarema.com.br\/loja\/produtos\/sem%20categoria\/lapiseira-tris-holic-gummi-0-7mm\/"},"modified":"2026-04-11T11:41:55","modified_gmt":"2026-04-11T14:41:55","slug":"lapiseira-tris-holic-gummi-0-7mm","status":"publish","type":"product","link":"https:\/\/www.livrariarema.com.br\/loja\/produtos\/papelaria\/lapiseira\/lapiseira-tris-holic-gummi-0-7mm\/","title":{"rendered":"Lapiseira &#8211; Tris &#8211; Holic &#8211; Gummy &#8211; 0.7Mm"},"content":{"rendered":"<p>Tudo de mais fofo \u00e9 o que voc\u00ea vai ver por aqui: comidinhas, arco-\u00edris e os bichinhos mais requisitados! A linha Holic Fofurices veio para deixar o seu estojo ainda mais lindo. A lapiseira Gummy possui topper igual bala de ursinho, em rosa e roxo, al\u00e9m de ponta met\u00e1lica retr\u00e1til, corpo todo estampado e tra\u00e7o 0.7mm.<\/p>\n<p>** Vendido Individualmente **<\/p>\n<p>Registro Inmetro 003245\/2023<\/p>\n","protected":false},"excerpt":{"rendered":"<p>Tudo de mais fofo \u00e9 o que voc\u00ea vai ver por aqui: comidinhas, arco-\u00edris e os bichinhos mais requisitados! A&hellip;<\/p>\n","protected":false},"featured_media":335213,"comment_status":"open","ping_status":"closed","template":"","meta":[],"product_cat":[276,215],"product_tag":[],"_links":{"self":[{"href":"https:\/\/www.livrariarema.com.br\/loja\/wp-json\/wp\/v2\/product\/246537"}],"collection":[{"href":"https:\/\/www.livrariarema.com.br\/loja\/wp-json\/wp\/v2\/product"}],"about":[{"href":"https:\/\/www.livrariarema.com.br\/loja\/wp-json\/wp\/v2\/types\/product"}],"replies":[{"embeddable":true,"href":"https:\/\/www.livrariarema.com.br\/loja\/wp-json\/wp\/v2\/comments?post=246537"}],"wp:featuredmedia":[{"embeddable":true,"href":"https:\/\/www.livrariarema.com.br\/loja\/wp-json\/wp\/v2\/media\/335213"}],"wp:attachment":[{"href":"https:\/\/www.livrariarema.com.br\/loja\/wp-json\/wp\/v2\/media?parent=246537"}],"wp:term":[{"taxonomy":"product_cat","embeddable":true,"href":"https:\/\/www.livrariarema.com.br\/loja\/wp-json\/wp\/v2\/product_cat?post=246537"},{"taxonomy":"product_tag","embeddable":true,"href":"https:\/\/www.livrariarema.com.br\/loja\/wp-json\/wp\/v2\/product_tag?post=246537"}],"curies":[{"name":"wp","href":"https:\/\/api.w.org\/{rel}","templated":true}]}}