{"id":246587,"date":"2023-08-09T11:19:43","date_gmt":"2023-08-09T14:19:43","guid":{"rendered":"https:\/\/www.livrariarema.com.br\/loja\/produtos\/sem categoria\/maleta-artistica-patrulha-canina-42-pecas\/"},"modified":"2025-12-17T14:10:50","modified_gmt":"2025-12-17T17:10:50","slug":"maleta-artistica-patrulha-canina-42-pecas","status":"publish","type":"product","link":"https:\/\/www.livrariarema.com.br\/loja\/produtos\/papelaria\/giz-de-cera\/maleta-artistica-patrulha-canina-42-pecas\/","title":{"rendered":"Maleta Art\u00edstica &#8211; Patrulha Canina &#8211; 42 Pe\u00e7as"},"content":{"rendered":"<p>Os filhotes da ba\u00eda da aventura chegaram para salvar o dia! A Patrulha Canina trabalha em conjunto em miss\u00f5es de resgate para proteger a comunidade e fazer o bem. Personagens \u00fanicos, personalidades marcantes, hist\u00f3rias bem-humoradas e cheias de aventura s\u00e3o marcas registradas desse fen\u00f4meno que \u00e9 a marca pr\u00e9-escolar #1 do mundo! E a maleta art\u00edstica Patrulha Canina \u00e9 divers\u00e3o garantida! Cont\u00e9m 42 pe\u00e7as para deixar a criatividade fluir.<br \/>\n<Br><br \/>\nRegistro Inmetro 007917\/2022<\/p>\n","protected":false},"excerpt":{"rendered":"<p>Os filhotes da ba\u00eda da aventura chegaram para salvar o dia! A Patrulha Canina trabalha em conjunto em miss\u00f5es de&hellip;<\/p>\n","protected":false},"featured_media":322843,"comment_status":"open","ping_status":"closed","template":"","meta":[],"product_cat":[286,215],"product_tag":[],"_links":{"self":[{"href":"https:\/\/www.livrariarema.com.br\/loja\/wp-json\/wp\/v2\/product\/246587"}],"collection":[{"href":"https:\/\/www.livrariarema.com.br\/loja\/wp-json\/wp\/v2\/product"}],"about":[{"href":"https:\/\/www.livrariarema.com.br\/loja\/wp-json\/wp\/v2\/types\/product"}],"replies":[{"embeddable":true,"href":"https:\/\/www.livrariarema.com.br\/loja\/wp-json\/wp\/v2\/comments?post=246587"}],"wp:featuredmedia":[{"embeddable":true,"href":"https:\/\/www.livrariarema.com.br\/loja\/wp-json\/wp\/v2\/media\/322843"}],"wp:attachment":[{"href":"https:\/\/www.livrariarema.com.br\/loja\/wp-json\/wp\/v2\/media?parent=246587"}],"wp:term":[{"taxonomy":"product_cat","embeddable":true,"href":"https:\/\/www.livrariarema.com.br\/loja\/wp-json\/wp\/v2\/product_cat?post=246587"},{"taxonomy":"product_tag","embeddable":true,"href":"https:\/\/www.livrariarema.com.br\/loja\/wp-json\/wp\/v2\/product_tag?post=246587"}],"curies":[{"name":"wp","href":"https:\/\/api.w.org\/{rel}","templated":true}]}}