{"id":246596,"date":"2023-08-09T11:20:25","date_gmt":"2023-08-09T14:20:25","guid":{"rendered":"https:\/\/www.livrariarema.com.br\/loja\/produtos\/sem categoria\/cronicas-de-narnia-vol-7-a-ultima-batalha-c-s-lewis\/"},"modified":"2026-04-30T11:30:09","modified_gmt":"2026-04-30T14:30:09","slug":"cronicas-de-narnia-vol-7-a-ultima-batalha-c-s-lewis","status":"publish","type":"product","link":"https:\/\/www.livrariarema.com.br\/loja\/produtos\/livros\/ficcao\/cronicas-de-narnia-vol-7-a-ultima-batalha-c-s-lewis\/","title":{"rendered":"Cr\u00f4nicas De N\u00e1rnia &#8211; Vol. 7 &#8211; A \u00daltima Batalha &#8211; C. S. Lewis"},"content":{"rendered":"<p>Reinos m\u00e1gicos, criaturas inesquec\u00edveis e batalhas \u00e9picas entre o bem e o mal: essas hist\u00f3rias s\u00e3o narradas em As Cr\u00f4nicas de N\u00e1rnia ? uma s\u00e9rie de sete livros que acompanha crian\u00e7as curiosas e suas aventuras entre o nosso mundo e outros universos m\u00e1gicos e que, por d\u00e9cadas, encanta leitores de todas as idades.<br \/>\n<br \/><Br><\/p>\n<p>Em A \u00daltima Batalha, um falso Aslan est\u00e1 \u00e0 solta dando ordens de arrepiar a espinha. Tirian X, o Rei de N\u00e1rnia, precisa agir r\u00e1pido, antes que todos os animais sejam corrompidos. Para isso, conta com a ajuda de Eust\u00e1quio e Giu. O reino est\u00e1 imerso em caos e os danos parecem irrepar\u00e1veis, mas, antes que tudo chegue ao fim, os narnianos fi\u00e9is ao verdadeiro Aslan ainda poder\u00e3o contar com a ajuda dos lend\u00e1rios reis e rainhas de N\u00e1rnia ? irm\u00e3os que muito tempo antes derrotaram uma terr\u00edvel feiticeira. A \u00faltima batalha se aproxima!<\/p>\n","protected":false},"excerpt":{"rendered":"<p>Reinos m\u00e1gicos, criaturas inesquec\u00edveis e batalhas \u00e9picas entre o bem e o mal: essas hist\u00f3rias s\u00e3o narradas em As Cr\u00f4nicas&hellip;<\/p>\n","protected":false},"featured_media":347818,"comment_status":"open","ping_status":"closed","template":"","meta":[],"product_cat":[162,134],"product_tag":[],"_links":{"self":[{"href":"https:\/\/www.livrariarema.com.br\/loja\/wp-json\/wp\/v2\/product\/246596"}],"collection":[{"href":"https:\/\/www.livrariarema.com.br\/loja\/wp-json\/wp\/v2\/product"}],"about":[{"href":"https:\/\/www.livrariarema.com.br\/loja\/wp-json\/wp\/v2\/types\/product"}],"replies":[{"embeddable":true,"href":"https:\/\/www.livrariarema.com.br\/loja\/wp-json\/wp\/v2\/comments?post=246596"}],"wp:featuredmedia":[{"embeddable":true,"href":"https:\/\/www.livrariarema.com.br\/loja\/wp-json\/wp\/v2\/media\/347818"}],"wp:attachment":[{"href":"https:\/\/www.livrariarema.com.br\/loja\/wp-json\/wp\/v2\/media?parent=246596"}],"wp:term":[{"taxonomy":"product_cat","embeddable":true,"href":"https:\/\/www.livrariarema.com.br\/loja\/wp-json\/wp\/v2\/product_cat?post=246596"},{"taxonomy":"product_tag","embeddable":true,"href":"https:\/\/www.livrariarema.com.br\/loja\/wp-json\/wp\/v2\/product_tag?post=246596"}],"curies":[{"name":"wp","href":"https:\/\/api.w.org\/{rel}","templated":true}]}}