{"id":246598,"date":"2023-08-09T11:20:32","date_gmt":"2023-08-09T14:20:32","guid":{"rendered":"https:\/\/www.livrariarema.com.br\/loja\/produtos\/sem categoria\/cronicas-de-narnia-vol-6-o-sobrinho-do-mago-c-s-lewis\/"},"modified":"2026-04-30T11:27:14","modified_gmt":"2026-04-30T14:27:14","slug":"cronicas-de-narnia-vol-6-o-sobrinho-do-mago-c-s-lewis","status":"publish","type":"product","link":"https:\/\/www.livrariarema.com.br\/loja\/produtos\/livros\/ficcao\/cronicas-de-narnia-vol-6-o-sobrinho-do-mago-c-s-lewis\/","title":{"rendered":"Cr\u00f4nicas De N\u00e1rnia &#8211; Vol. 6 &#8211; O Sobrinho Do Mago &#8211; C. S. Lewis"},"content":{"rendered":"<p>Reinos m\u00e1gicos, criaturas inesquec\u00edveis e batalhas \u00e9picas entre o bem e o mal: essas hist\u00f3rias s\u00e3o narradas em As Cr\u00f4nicas de N\u00e1rnia ? uma s\u00e9rie de sete livros que acompanha crian\u00e7as curiosas e suas aventuras entre o nosso mundo e outros universos m\u00e1gicos e que, por d\u00e9cadas, encanta leitores de todas as idades.<\/p>\n<p>Em O Sobrinho do Mago, o menino Greg\u00f3rio e sua vizinha Polly v\u00e3o parar num bosque m\u00e1gico que d\u00e1 acesso a diversos mundos. Isso acontece antes de Pedro, Susana, Edmundo e L\u00facia nascerem, antes mesmo de a pr\u00f3pria N\u00e1rnia existir! Os dois mal t\u00eam tempo de aproveitar a descoberta, pois no encal\u00e7o deles h\u00e1 uma rainha malvada, um mago med\u00edocre e um cocheiro muito assustado.<\/p>\n","protected":false},"excerpt":{"rendered":"<p>Reinos m\u00e1gicos, criaturas inesquec\u00edveis e batalhas \u00e9picas entre o bem e o mal: essas hist\u00f3rias s\u00e3o narradas em As Cr\u00f4nicas&hellip;<\/p>\n","protected":false},"featured_media":347133,"comment_status":"open","ping_status":"closed","template":"","meta":[],"product_cat":[162,134],"product_tag":[],"_links":{"self":[{"href":"https:\/\/www.livrariarema.com.br\/loja\/wp-json\/wp\/v2\/product\/246598"}],"collection":[{"href":"https:\/\/www.livrariarema.com.br\/loja\/wp-json\/wp\/v2\/product"}],"about":[{"href":"https:\/\/www.livrariarema.com.br\/loja\/wp-json\/wp\/v2\/types\/product"}],"replies":[{"embeddable":true,"href":"https:\/\/www.livrariarema.com.br\/loja\/wp-json\/wp\/v2\/comments?post=246598"}],"wp:featuredmedia":[{"embeddable":true,"href":"https:\/\/www.livrariarema.com.br\/loja\/wp-json\/wp\/v2\/media\/347133"}],"wp:attachment":[{"href":"https:\/\/www.livrariarema.com.br\/loja\/wp-json\/wp\/v2\/media?parent=246598"}],"wp:term":[{"taxonomy":"product_cat","embeddable":true,"href":"https:\/\/www.livrariarema.com.br\/loja\/wp-json\/wp\/v2\/product_cat?post=246598"},{"taxonomy":"product_tag","embeddable":true,"href":"https:\/\/www.livrariarema.com.br\/loja\/wp-json\/wp\/v2\/product_tag?post=246598"}],"curies":[{"name":"wp","href":"https:\/\/api.w.org\/{rel}","templated":true}]}}