{"id":246728,"date":"2023-08-09T16:02:41","date_gmt":"2023-08-09T19:02:41","guid":{"rendered":"https:\/\/www.livrariarema.com.br\/loja\/produtos\/sem categoria\/biblia-leitura-perfeita-nvi-com-espaco-para-anotacoes-letra-grande-dente-de-leao\/"},"modified":"2026-04-28T16:21:09","modified_gmt":"2026-04-28T19:21:09","slug":"biblia-leitura-perfeita-nvi-com-espaco-para-anotacoes-letra-grande-dente-de-leao","status":"publish","type":"product","link":"https:\/\/www.livrariarema.com.br\/loja\/produtos\/biblias\/nvi\/biblia-leitura-perfeita-nvi-com-espaco-para-anotacoes-letra-grande-dente-de-leao\/","title":{"rendered":"B\u00edblia Leitura Perfeita &#8211; Nvi &#8211; Com Espa\u00e7o Para Anota\u00e7\u00f5es &#8211; Letra Grande &#8211; Dente De Le\u00e3o"},"content":{"rendered":"<p>Quantas vezes estamos na igreja e ouvimos algo t\u00e3o inspirador que queremos registrar, mas n\u00e3o podemos porque n\u00e3o temos onde anotar? Voc\u00ea at\u00e9 gostaria de escrever na pr\u00f3pria B\u00edblia, mas ela n\u00e3o tem espa\u00e7o.<\/p>\n<p>Esta B\u00edblia chegou para resolver esse problema. Pensada para voc\u00ea que gosta de registrar coment\u00e1rios e anota\u00e7\u00f5es que enrique\u00e7am a compreens\u00e3o do texto b\u00edblico, ela inclui espa\u00e7o para anota\u00e7\u00f5es sem prejudicar a leitura das Escrituras. Em edi\u00e7\u00e3o de luxo, esta B\u00edblia conta com a Nova Tradu\u00e7\u00e3o Internacional (NVI), um excelente acabamento e papel diferenciado, que d\u00e1 mais destaque \u00e0s anota\u00e7\u00f5es e mais visibilidade ao texto, gra\u00e7as \u00e0 fonte especial Leitura Perfeita, desenvolvida exclusivamente pela Thomas Nelson Brasil.<\/p>\n","protected":false},"excerpt":{"rendered":"<p>Quantas vezes estamos na igreja e ouvimos algo t\u00e3o inspirador que queremos registrar, mas n\u00e3o podemos porque n\u00e3o temos onde&hellip;<\/p>\n","protected":false},"featured_media":345266,"comment_status":"open","ping_status":"closed","template":"","meta":[],"product_cat":[139,166],"product_tag":[],"_links":{"self":[{"href":"https:\/\/www.livrariarema.com.br\/loja\/wp-json\/wp\/v2\/product\/246728"}],"collection":[{"href":"https:\/\/www.livrariarema.com.br\/loja\/wp-json\/wp\/v2\/product"}],"about":[{"href":"https:\/\/www.livrariarema.com.br\/loja\/wp-json\/wp\/v2\/types\/product"}],"replies":[{"embeddable":true,"href":"https:\/\/www.livrariarema.com.br\/loja\/wp-json\/wp\/v2\/comments?post=246728"}],"wp:featuredmedia":[{"embeddable":true,"href":"https:\/\/www.livrariarema.com.br\/loja\/wp-json\/wp\/v2\/media\/345266"}],"wp:attachment":[{"href":"https:\/\/www.livrariarema.com.br\/loja\/wp-json\/wp\/v2\/media?parent=246728"}],"wp:term":[{"taxonomy":"product_cat","embeddable":true,"href":"https:\/\/www.livrariarema.com.br\/loja\/wp-json\/wp\/v2\/product_cat?post=246728"},{"taxonomy":"product_tag","embeddable":true,"href":"https:\/\/www.livrariarema.com.br\/loja\/wp-json\/wp\/v2\/product_tag?post=246728"}],"curies":[{"name":"wp","href":"https:\/\/api.w.org\/{rel}","templated":true}]}}