{"id":247178,"date":"2023-08-11T17:05:41","date_gmt":"2023-08-11T20:05:41","guid":{"rendered":"https:\/\/www.livrariarema.com.br\/loja\/produtos\/sem categoria\/caderno-universitario-80-folhas-1-materia-pao-diario-teen\/"},"modified":"2026-01-12T18:14:26","modified_gmt":"2026-01-12T21:14:26","slug":"caderno-universitario-80-folhas-1-materia-pao-diario-teen","status":"publish","type":"product","link":"https:\/\/www.livrariarema.com.br\/loja\/produtos\/papelaria\/caderno\/caderno-universitario-80-folhas-1-materia-pao-diario-teen\/","title":{"rendered":"Caderno Universit\u00e1rio 80 Folhas &#8211; 1 Mat\u00e9ria &#8211; P\u00e3o Di\u00e1rio Teen"},"content":{"rendered":"<p>* Verificar disponibilidade de capa *<Br><br \/>\n* Vendido Individualmente *<Br><\/p>\n","protected":false},"excerpt":{"rendered":"<p>* Verificar disponibilidade de capa * * Vendido Individualmente *<\/p>\n","protected":false},"featured_media":336397,"comment_status":"open","ping_status":"closed","template":"","meta":[],"product_cat":[230,215],"product_tag":[],"_links":{"self":[{"href":"https:\/\/www.livrariarema.com.br\/loja\/wp-json\/wp\/v2\/product\/247178"}],"collection":[{"href":"https:\/\/www.livrariarema.com.br\/loja\/wp-json\/wp\/v2\/product"}],"about":[{"href":"https:\/\/www.livrariarema.com.br\/loja\/wp-json\/wp\/v2\/types\/product"}],"replies":[{"embeddable":true,"href":"https:\/\/www.livrariarema.com.br\/loja\/wp-json\/wp\/v2\/comments?post=247178"}],"wp:featuredmedia":[{"embeddable":true,"href":"https:\/\/www.livrariarema.com.br\/loja\/wp-json\/wp\/v2\/media\/336397"}],"wp:attachment":[{"href":"https:\/\/www.livrariarema.com.br\/loja\/wp-json\/wp\/v2\/media?parent=247178"}],"wp:term":[{"taxonomy":"product_cat","embeddable":true,"href":"https:\/\/www.livrariarema.com.br\/loja\/wp-json\/wp\/v2\/product_cat?post=247178"},{"taxonomy":"product_tag","embeddable":true,"href":"https:\/\/www.livrariarema.com.br\/loja\/wp-json\/wp\/v2\/product_tag?post=247178"}],"curies":[{"name":"wp","href":"https:\/\/api.w.org\/{rel}","templated":true}]}}