{"id":247822,"date":"2023-08-16T14:01:29","date_gmt":"2023-08-16T17:01:29","guid":{"rendered":"https:\/\/www.livrariarema.com.br\/loja\/produtos\/sem categoria\/mananciais-no-deserto-lettie-cowman-capa-dura\/"},"modified":"2026-02-13T12:20:58","modified_gmt":"2026-02-13T15:20:58","slug":"mananciais-no-deserto-lettie-cowman-capa-dura","status":"publish","type":"product","link":"https:\/\/www.livrariarema.com.br\/loja\/produtos\/livros\/devocional\/mananciais-no-deserto-lettie-cowman-capa-dura\/","title":{"rendered":"Mananciais No Deserto &#8211; Lettie Cowman &#8211; Capa Dura"},"content":{"rendered":"<p>Nesta parceria em coedi\u00e7\u00e3o, Editora Bet\u00e2nia e Publica\u00e7\u00f5es P\u00e3o Di\u00e1rio oferecem uma edi\u00e7\u00e3o especial luxo, em uma quantidade limitada, para o p\u00fablico brasileiro em geral e para os apaixonados leitores de Mananciais no Deserto. A parceria traz duas propostas de apresenta\u00e7\u00e3o de capa: uma em capa dura e outra capa em couro luxo. Ambas t\u00eam o mesmo miolo com 366 devocionais (um para cada dia do ano). S\u00e3o mensagens que oferecem \u00e1gua pura, cristalina, refrescante, em doses di\u00e1rias para saciar sua sede e fortalecer seu cora\u00e7\u00e3o. As mensagens trazem alento, esperan\u00e7a, orienta\u00e7\u00e3o pr\u00e1tica e respostas que nos ajudam a ver o amor de Deus presente mesmo nas circunst\u00e2ncias dif\u00edceis. S\u00e3o medita\u00e7\u00f5es breves, sempre acompanhadas de uma passagem b\u00edblica, para cada dia do ano.<\/p>\n","protected":false},"excerpt":{"rendered":"<p>Nesta parceria em coedi\u00e7\u00e3o, Editora Bet\u00e2nia e Publica\u00e7\u00f5es P\u00e3o Di\u00e1rio oferecem uma edi\u00e7\u00e3o especial luxo, em uma quantidade limitada, para&hellip;<\/p>\n","protected":false},"featured_media":342764,"comment_status":"open","ping_status":"closed","template":"","meta":[],"product_cat":[158,134],"product_tag":[],"_links":{"self":[{"href":"https:\/\/www.livrariarema.com.br\/loja\/wp-json\/wp\/v2\/product\/247822"}],"collection":[{"href":"https:\/\/www.livrariarema.com.br\/loja\/wp-json\/wp\/v2\/product"}],"about":[{"href":"https:\/\/www.livrariarema.com.br\/loja\/wp-json\/wp\/v2\/types\/product"}],"replies":[{"embeddable":true,"href":"https:\/\/www.livrariarema.com.br\/loja\/wp-json\/wp\/v2\/comments?post=247822"}],"wp:featuredmedia":[{"embeddable":true,"href":"https:\/\/www.livrariarema.com.br\/loja\/wp-json\/wp\/v2\/media\/342764"}],"wp:attachment":[{"href":"https:\/\/www.livrariarema.com.br\/loja\/wp-json\/wp\/v2\/media?parent=247822"}],"wp:term":[{"taxonomy":"product_cat","embeddable":true,"href":"https:\/\/www.livrariarema.com.br\/loja\/wp-json\/wp\/v2\/product_cat?post=247822"},{"taxonomy":"product_tag","embeddable":true,"href":"https:\/\/www.livrariarema.com.br\/loja\/wp-json\/wp\/v2\/product_tag?post=247822"}],"curies":[{"name":"wp","href":"https:\/\/api.w.org\/{rel}","templated":true}]}}