{"id":248540,"date":"2023-08-21T12:12:57","date_gmt":"2023-08-21T15:12:57","guid":{"rendered":"https:\/\/www.livrariarema.com.br\/loja\/produtos\/sem%20categoria\/diario-com-chave-campestre\/"},"modified":"2025-08-22T08:44:29","modified_gmt":"2025-08-22T11:44:29","slug":"diario-com-chave-campestre","status":"publish","type":"product","link":"https:\/\/www.livrariarema.com.br\/loja\/produtos\/papelaria\/diario\/diario-com-chave-campestre\/","title":{"rendered":"Di\u00e1rio Com Chave &#8211; Fina Ideia &#8211; Campestre"},"content":{"rendered":"<p>Todas as anota\u00e7\u00f5es e segredos bem guardados! Di\u00e1rio com chave, capa dura, miolo pautado e decorado com 84 folhas em papel offset 90g (voc\u00ea pode usar canetas coloridas que n\u00e3o passam para o outro lado), formato 11,8&#215;17,5cm, encaderna\u00e7\u00e3o wire-o, cadeado de metal com 2 chaves para fechamento. Acompanha capa protetora.<\/p>\n","protected":false},"excerpt":{"rendered":"<p>Todas as anota\u00e7\u00f5es e segredos bem guardados! Di\u00e1rio com chave, capa dura, miolo pautado e decorado com 84 folhas em&hellip;<\/p>\n","protected":false},"featured_media":335873,"comment_status":"open","ping_status":"closed","template":"","meta":[],"product_cat":[258,215],"product_tag":[],"_links":{"self":[{"href":"https:\/\/www.livrariarema.com.br\/loja\/wp-json\/wp\/v2\/product\/248540"}],"collection":[{"href":"https:\/\/www.livrariarema.com.br\/loja\/wp-json\/wp\/v2\/product"}],"about":[{"href":"https:\/\/www.livrariarema.com.br\/loja\/wp-json\/wp\/v2\/types\/product"}],"replies":[{"embeddable":true,"href":"https:\/\/www.livrariarema.com.br\/loja\/wp-json\/wp\/v2\/comments?post=248540"}],"wp:featuredmedia":[{"embeddable":true,"href":"https:\/\/www.livrariarema.com.br\/loja\/wp-json\/wp\/v2\/media\/335873"}],"wp:attachment":[{"href":"https:\/\/www.livrariarema.com.br\/loja\/wp-json\/wp\/v2\/media?parent=248540"}],"wp:term":[{"taxonomy":"product_cat","embeddable":true,"href":"https:\/\/www.livrariarema.com.br\/loja\/wp-json\/wp\/v2\/product_cat?post=248540"},{"taxonomy":"product_tag","embeddable":true,"href":"https:\/\/www.livrariarema.com.br\/loja\/wp-json\/wp\/v2\/product_tag?post=248540"}],"curies":[{"name":"wp","href":"https:\/\/api.w.org\/{rel}","templated":true}]}}