{"id":248562,"date":"2023-08-21T12:14:22","date_gmt":"2023-08-21T15:14:22","guid":{"rendered":"https:\/\/www.livrariarema.com.br\/loja\/produtos\/sem categoria\/bloco-na-lata-redonda-mae-flores-240-folhas\/"},"modified":"2026-01-30T15:50:58","modified_gmt":"2026-01-30T18:50:58","slug":"bloco-na-lata-redonda-mae-flores-240-folhas","status":"publish","type":"product","link":"https:\/\/www.livrariarema.com.br\/loja\/produtos\/promocao\/papelaria-promocao\/bloco-na-lata-redonda-mae-flores-240-folhas\/","title":{"rendered":"Bloco Na Lata Redonda &#8211; M\u00e3e Flores  &#8211; 240 Folhas"},"content":{"rendered":"<p>Enfeite sua mesa com este mimo! Latinha multiuso com 10cm de di\u00e2metro, tampa e base decoradas, miolo em papel off set 75g em formato de flor, com 240 folhas para escrever recadinhos. Obs: para facilitar a abertura, a tampa \u00e9 solta, n\u00e3o \u00e9 rosqueada. A lata pode ter varia\u00e7\u00e3o de cor.<\/p>\n","protected":false},"excerpt":{"rendered":"<p>Enfeite sua mesa com este mimo! Latinha multiuso com 10cm de di\u00e2metro, tampa e base decoradas, miolo em papel off&hellip;<\/p>\n","protected":false},"featured_media":342915,"comment_status":"open","ping_status":"closed","template":"","meta":[],"product_cat":[307,142],"product_tag":[],"_links":{"self":[{"href":"https:\/\/www.livrariarema.com.br\/loja\/wp-json\/wp\/v2\/product\/248562"}],"collection":[{"href":"https:\/\/www.livrariarema.com.br\/loja\/wp-json\/wp\/v2\/product"}],"about":[{"href":"https:\/\/www.livrariarema.com.br\/loja\/wp-json\/wp\/v2\/types\/product"}],"replies":[{"embeddable":true,"href":"https:\/\/www.livrariarema.com.br\/loja\/wp-json\/wp\/v2\/comments?post=248562"}],"wp:featuredmedia":[{"embeddable":true,"href":"https:\/\/www.livrariarema.com.br\/loja\/wp-json\/wp\/v2\/media\/342915"}],"wp:attachment":[{"href":"https:\/\/www.livrariarema.com.br\/loja\/wp-json\/wp\/v2\/media?parent=248562"}],"wp:term":[{"taxonomy":"product_cat","embeddable":true,"href":"https:\/\/www.livrariarema.com.br\/loja\/wp-json\/wp\/v2\/product_cat?post=248562"},{"taxonomy":"product_tag","embeddable":true,"href":"https:\/\/www.livrariarema.com.br\/loja\/wp-json\/wp\/v2\/product_tag?post=248562"}],"curies":[{"name":"wp","href":"https:\/\/api.w.org\/{rel}","templated":true}]}}