{"id":248621,"date":"2023-08-21T13:54:12","date_gmt":"2023-08-21T16:54:12","guid":{"rendered":"https:\/\/www.livrariarema.com.br\/loja\/produtos\/sem categoria\/refil-pautado-caderno-folhas-removiveis-40-folhas\/"},"modified":"2026-04-06T12:50:32","modified_gmt":"2026-04-06T15:50:32","slug":"refil-pautado-caderno-folhas-removiveis-40-folhas","status":"publish","type":"product","link":"https:\/\/www.livrariarema.com.br\/loja\/produtos\/papelaria\/caderno\/refil-pautado-caderno-folhas-removiveis-40-folhas\/","title":{"rendered":"Refil Pautado Caderno Folhas Remov\u00edveis &#8211; 40 Folhas"},"content":{"rendered":"<p>Use este refil para montar um caderno com a sua cara! Refil com 40 folhas pautadas remov\u00edveis e reposicion\u00e1veis em papel offset 90g, formato 17,3&#215;23,5cm. Voc\u00ea tamb\u00e9m pode comprar separadamente o jogo com 6 divis\u00f3rias remov\u00edveis e reposicion\u00e1veis!<\/p>\n","protected":false},"excerpt":{"rendered":"<p>Use este refil para montar um caderno com a sua cara! Refil com 40 folhas pautadas remov\u00edveis e reposicion\u00e1veis em&hellip;<\/p>\n","protected":false},"featured_media":339990,"comment_status":"open","ping_status":"closed","template":"","meta":[],"product_cat":[230,215],"product_tag":[],"_links":{"self":[{"href":"https:\/\/www.livrariarema.com.br\/loja\/wp-json\/wp\/v2\/product\/248621"}],"collection":[{"href":"https:\/\/www.livrariarema.com.br\/loja\/wp-json\/wp\/v2\/product"}],"about":[{"href":"https:\/\/www.livrariarema.com.br\/loja\/wp-json\/wp\/v2\/types\/product"}],"replies":[{"embeddable":true,"href":"https:\/\/www.livrariarema.com.br\/loja\/wp-json\/wp\/v2\/comments?post=248621"}],"wp:featuredmedia":[{"embeddable":true,"href":"https:\/\/www.livrariarema.com.br\/loja\/wp-json\/wp\/v2\/media\/339990"}],"wp:attachment":[{"href":"https:\/\/www.livrariarema.com.br\/loja\/wp-json\/wp\/v2\/media?parent=248621"}],"wp:term":[{"taxonomy":"product_cat","embeddable":true,"href":"https:\/\/www.livrariarema.com.br\/loja\/wp-json\/wp\/v2\/product_cat?post=248621"},{"taxonomy":"product_tag","embeddable":true,"href":"https:\/\/www.livrariarema.com.br\/loja\/wp-json\/wp\/v2\/product_tag?post=248621"}],"curies":[{"name":"wp","href":"https:\/\/api.w.org\/{rel}","templated":true}]}}