{"id":248800,"date":"2023-08-22T09:45:44","date_gmt":"2023-08-22T12:45:44","guid":{"rendered":"https:\/\/www.livrariarema.com.br\/loja\/produtos\/sem categoria\/biblia-com-harpa-letra-hipergigante-capa-dura-leao-aquarela\/"},"modified":"2025-12-22T17:22:48","modified_gmt":"2025-12-22T20:22:48","slug":"biblia-com-harpa-letra-hipergigante-capa-dura-leao-aquarela","status":"publish","type":"product","link":"https:\/\/www.livrariarema.com.br\/loja\/produtos\/biblias\/revista-corrigida-com-harpa\/biblia-com-harpa-letra-hipergigante-capa-dura-leao-aquarela\/","title":{"rendered":"B\u00edblia Com Harpa &#8211; Letra Hipergigante &#8211; Capa Dura &#8211; Le\u00e3o Aquarela"},"content":{"rendered":"<p>B\u00edblia Sagrada, com a linguagem na vers\u00e3o ARC (Revista Corrigida) de Jo\u00e3o Ferreira de Almeida. Sendo a vers\u00e3o mais utilizada pelos evang\u00e9licos do Brasil. Com sua fidelidade traduzida dos textos originais pelo mission\u00e1rio portugu\u00eas Jo\u00e3o Ferreira de Almeida, esta obra tem como destaque sua linguagem elegante e culta.<\/p>\n","protected":false},"excerpt":{"rendered":"<p>B\u00edblia Sagrada, com a linguagem na vers\u00e3o ARC (Revista Corrigida) de Jo\u00e3o Ferreira de Almeida. Sendo a vers\u00e3o mais utilizada&hellip;<\/p>\n","protected":false},"featured_media":320297,"comment_status":"open","ping_status":"closed","template":"","meta":[],"product_cat":[139,151],"product_tag":[],"_links":{"self":[{"href":"https:\/\/www.livrariarema.com.br\/loja\/wp-json\/wp\/v2\/product\/248800"}],"collection":[{"href":"https:\/\/www.livrariarema.com.br\/loja\/wp-json\/wp\/v2\/product"}],"about":[{"href":"https:\/\/www.livrariarema.com.br\/loja\/wp-json\/wp\/v2\/types\/product"}],"replies":[{"embeddable":true,"href":"https:\/\/www.livrariarema.com.br\/loja\/wp-json\/wp\/v2\/comments?post=248800"}],"wp:featuredmedia":[{"embeddable":true,"href":"https:\/\/www.livrariarema.com.br\/loja\/wp-json\/wp\/v2\/media\/320297"}],"wp:attachment":[{"href":"https:\/\/www.livrariarema.com.br\/loja\/wp-json\/wp\/v2\/media?parent=248800"}],"wp:term":[{"taxonomy":"product_cat","embeddable":true,"href":"https:\/\/www.livrariarema.com.br\/loja\/wp-json\/wp\/v2\/product_cat?post=248800"},{"taxonomy":"product_tag","embeddable":true,"href":"https:\/\/www.livrariarema.com.br\/loja\/wp-json\/wp\/v2\/product_tag?post=248800"}],"curies":[{"name":"wp","href":"https:\/\/api.w.org\/{rel}","templated":true}]}}