{"id":248831,"date":"2023-08-22T09:50:28","date_gmt":"2023-08-22T12:50:28","guid":{"rendered":"https:\/\/www.livrariarema.com.br\/loja\/produtos\/sem categoria\/biblia-com-harpa-letra-jumbo-compacta-capa-dura-leao-rei\/"},"modified":"2023-08-24T17:11:29","modified_gmt":"2023-08-24T20:11:29","slug":"biblia-com-harpa-letra-jumbo-compacta-capa-dura-leao-rei","status":"publish","type":"product","link":"https:\/\/www.livrariarema.com.br\/loja\/produtos\/biblias\/revista-corrigida-com-harpa\/biblia-com-harpa-letra-jumbo-compacta-capa-dura-leao-rei\/","title":{"rendered":"B\u00edblia Com Harpa &#8211; Letra Jumbo &#8211; Compacta &#8211; Capa Dura &#8211; Le\u00e3o Rei"},"content":{"rendered":"<p>B\u00edblia JUMBO Sagrada contendo o Antigo e o Novo Testamento, tradu\u00e7\u00e3o de Jo\u00e3o Ferreira de Almeida &#8211; Edi\u00e7\u00e3o Revista e Corrigida (a mais tradicional). Esta bel\u00edssima B\u00edblia possui as letras Jumbo para facilitar a leitura dos textos, ideal para pessoas com problemas visuais, cont\u00e9m Harpa Avivada e Corinhos.<\/p>\n","protected":false},"excerpt":{"rendered":"<p>B\u00edblia JUMBO Sagrada contendo o Antigo e o Novo Testamento, tradu\u00e7\u00e3o de Jo\u00e3o Ferreira de Almeida &#8211; Edi\u00e7\u00e3o Revista e&hellip;<\/p>\n","protected":false},"featured_media":249646,"comment_status":"open","ping_status":"closed","template":"","meta":[],"product_cat":[139,151],"product_tag":[],"_links":{"self":[{"href":"https:\/\/www.livrariarema.com.br\/loja\/wp-json\/wp\/v2\/product\/248831"}],"collection":[{"href":"https:\/\/www.livrariarema.com.br\/loja\/wp-json\/wp\/v2\/product"}],"about":[{"href":"https:\/\/www.livrariarema.com.br\/loja\/wp-json\/wp\/v2\/types\/product"}],"replies":[{"embeddable":true,"href":"https:\/\/www.livrariarema.com.br\/loja\/wp-json\/wp\/v2\/comments?post=248831"}],"wp:featuredmedia":[{"embeddable":true,"href":"https:\/\/www.livrariarema.com.br\/loja\/wp-json\/wp\/v2\/media\/249646"}],"wp:attachment":[{"href":"https:\/\/www.livrariarema.com.br\/loja\/wp-json\/wp\/v2\/media?parent=248831"}],"wp:term":[{"taxonomy":"product_cat","embeddable":true,"href":"https:\/\/www.livrariarema.com.br\/loja\/wp-json\/wp\/v2\/product_cat?post=248831"},{"taxonomy":"product_tag","embeddable":true,"href":"https:\/\/www.livrariarema.com.br\/loja\/wp-json\/wp\/v2\/product_tag?post=248831"}],"curies":[{"name":"wp","href":"https:\/\/api.w.org\/{rel}","templated":true}]}}