{"id":248896,"date":"2023-08-22T09:55:41","date_gmt":"2023-08-22T12:55:41","guid":{"rendered":"https:\/\/www.livrariarema.com.br\/loja\/produtos\/sem categoria\/biblia-com-harpa-com-pautas-para-anotacoes-espiral-girassol\/"},"modified":"2024-06-12T10:48:27","modified_gmt":"2024-06-12T13:48:27","slug":"biblia-com-harpa-com-pautas-para-anotacoes-espiral-girassol","status":"publish","type":"product","link":"https:\/\/www.livrariarema.com.br\/loja\/produtos\/biblias\/revista-corrigida-com-harpa\/biblia-com-harpa-com-pautas-para-anotacoes-espiral-girassol\/","title":{"rendered":"B\u00edblia Com Harpa &#8211; Com Pautas Para Anota\u00e7\u00f5es &#8211; Espiral &#8211; Girassol"},"content":{"rendered":"<p>A B\u00edblia Anota\u00e7\u00f5es Espiral \u00e9 indispens\u00e1vel para quem deseja aprofundar seu conhecimento e compreens\u00e3o das Escrituras.<br \/>\nO sistema de encaderna\u00e7\u00e3o em espiral permite uma abertura completa de suas p\u00e1ginas, tornando a leitura e a caminhada muito mais confort\u00e1veis e pr\u00e1ticas.<br \/>\nCombina a fidelidade das Escrituras Sagradas na tradu\u00e7\u00e3o Almeida Revista e Corrigida com a liberdade de anotar e personalizar as p\u00e1ginas de acordo com as necessidades e experi\u00eancias individuais, registrando suas reflex\u00f5es, insights e descobertas pessoais ao longo do estudo b\u00edblico.<br \/>\n&#8211; Letra Grande<br \/>\n&#8211; Borda estampada<br \/>\n&#8211; Tamanho: 19,5x24cm<br \/>\n&#8211; Pautas para anota\u00e7\u00f5es<br \/>\n&#8211; Antigo e Novo Testamento<br \/>\n&#8211; Harpa Avivada e Corinhos<br \/>\n&#8211; Almeida Revista e Corrigida<br \/>\n&#8211; Capa dura espiral com canto arredondado<br \/>\n&#8211; \u00cdndice do Esbo\u00e7o Tem\u00e1tico e Resumo dos Livros<\/p>\n","protected":false},"excerpt":{"rendered":"<p>A B\u00edblia Anota\u00e7\u00f5es Espiral \u00e9 indispens\u00e1vel para quem deseja aprofundar seu conhecimento e compreens\u00e3o das Escrituras. O sistema de encaderna\u00e7\u00e3o&hellip;<\/p>\n","protected":false},"featured_media":302049,"comment_status":"open","ping_status":"closed","template":"","meta":[],"product_cat":[139,151],"product_tag":[],"_links":{"self":[{"href":"https:\/\/www.livrariarema.com.br\/loja\/wp-json\/wp\/v2\/product\/248896"}],"collection":[{"href":"https:\/\/www.livrariarema.com.br\/loja\/wp-json\/wp\/v2\/product"}],"about":[{"href":"https:\/\/www.livrariarema.com.br\/loja\/wp-json\/wp\/v2\/types\/product"}],"replies":[{"embeddable":true,"href":"https:\/\/www.livrariarema.com.br\/loja\/wp-json\/wp\/v2\/comments?post=248896"}],"wp:featuredmedia":[{"embeddable":true,"href":"https:\/\/www.livrariarema.com.br\/loja\/wp-json\/wp\/v2\/media\/302049"}],"wp:attachment":[{"href":"https:\/\/www.livrariarema.com.br\/loja\/wp-json\/wp\/v2\/media?parent=248896"}],"wp:term":[{"taxonomy":"product_cat","embeddable":true,"href":"https:\/\/www.livrariarema.com.br\/loja\/wp-json\/wp\/v2\/product_cat?post=248896"},{"taxonomy":"product_tag","embeddable":true,"href":"https:\/\/www.livrariarema.com.br\/loja\/wp-json\/wp\/v2\/product_tag?post=248896"}],"curies":[{"name":"wp","href":"https:\/\/api.w.org\/{rel}","templated":true}]}}