{"id":249153,"date":"2023-08-22T14:26:35","date_gmt":"2023-08-22T17:26:35","guid":{"rendered":"https:\/\/www.livrariarema.com.br\/loja\/produtos\/sem categoria\/biblia-com-harpa-slim-letra-grande-capa-dura-girassol\/"},"modified":"2024-01-15T08:53:07","modified_gmt":"2024-01-15T11:53:07","slug":"biblia-com-harpa-slim-letra-grande-capa-dura-girassol","status":"publish","type":"product","link":"https:\/\/www.livrariarema.com.br\/loja\/produtos\/biblias\/revista-corrigida-com-harpa\/biblia-com-harpa-slim-letra-grande-capa-dura-girassol\/","title":{"rendered":"B\u00edblia Com Harpa &#8211; Slim &#8211; Letra Grande &#8211; Capa Dura &#8211; Girassol"},"content":{"rendered":"<p>A B\u00edblia Slim \u00e9 uma edi\u00e7\u00e3o pr\u00e1tica da Sagrada Escritura. Com sua capa dura resistente e design ultrafino, essa B\u00edblia \u00e9 perfeita para aqueles que buscam um formato compacto e port\u00e1til, ideal para levar consigo em todos os lugares.<\/p>\n<p>Esta vers\u00e3o utiliza o texto consagrado da tradu\u00e7\u00e3o Almeida Revista e Corrigida, amplamente reconhecida e apreciada por sua fidelidade ao original. Seu conte\u00fado preserva a autenticidade e a precis\u00e3o das palavras b\u00edblicas, proporcionando uma experi\u00eancia de leitura enriquecedora e confi\u00e1vel.<\/p>\n<p>Apesar de seu formato compacto, a B\u00edblia Slim mant\u00e9m o conte\u00fado completo das Sagradas Escrituras, contendo o Antigo e o Novo Testamento.<\/p>\n<p>&#8211; Capa dura com canto arredondado<br \/>\n&#8211; Almeida Revista e Corrigida (ARC)<br \/>\n&#8211; Harpa Avivada e Corinhos<br \/>\n&#8211; Antigo e Novo Testamento<br \/>\n&#8211; Borda estampada<br \/>\n&#8211; Tamanho: 14&#215;21,5cm<br \/>\n&#8211; 736 P\u00e1ginas<br \/>\n&#8211; Letra Grande<\/p>\n","protected":false},"excerpt":{"rendered":"<p>A B\u00edblia Slim \u00e9 uma edi\u00e7\u00e3o pr\u00e1tica da Sagrada Escritura. Com sua capa dura resistente e design ultrafino, essa B\u00edblia&hellip;<\/p>\n","protected":false},"featured_media":277995,"comment_status":"open","ping_status":"closed","template":"","meta":[],"product_cat":[139,151],"product_tag":[],"_links":{"self":[{"href":"https:\/\/www.livrariarema.com.br\/loja\/wp-json\/wp\/v2\/product\/249153"}],"collection":[{"href":"https:\/\/www.livrariarema.com.br\/loja\/wp-json\/wp\/v2\/product"}],"about":[{"href":"https:\/\/www.livrariarema.com.br\/loja\/wp-json\/wp\/v2\/types\/product"}],"replies":[{"embeddable":true,"href":"https:\/\/www.livrariarema.com.br\/loja\/wp-json\/wp\/v2\/comments?post=249153"}],"wp:featuredmedia":[{"embeddable":true,"href":"https:\/\/www.livrariarema.com.br\/loja\/wp-json\/wp\/v2\/media\/277995"}],"wp:attachment":[{"href":"https:\/\/www.livrariarema.com.br\/loja\/wp-json\/wp\/v2\/media?parent=249153"}],"wp:term":[{"taxonomy":"product_cat","embeddable":true,"href":"https:\/\/www.livrariarema.com.br\/loja\/wp-json\/wp\/v2\/product_cat?post=249153"},{"taxonomy":"product_tag","embeddable":true,"href":"https:\/\/www.livrariarema.com.br\/loja\/wp-json\/wp\/v2\/product_tag?post=249153"}],"curies":[{"name":"wp","href":"https:\/\/api.w.org\/{rel}","templated":true}]}}