{"id":249210,"date":"2023-08-22T15:50:50","date_gmt":"2023-08-22T18:50:50","guid":{"rendered":"https:\/\/www.livrariarema.com.br\/loja\/produtos\/sem%20categoria\/humildade-a-beleza-da-santidade-andrew-murray\/"},"modified":"2026-03-16T11:20:30","modified_gmt":"2026-03-16T14:20:30","slug":"humildade-a-beleza-da-santidade-andrew-murray","status":"publish","type":"product","link":"https:\/\/www.livrariarema.com.br\/loja\/produtos\/livros\/crescimento-espiritual\/humildade-a-beleza-da-santidade-andrew-murray\/","title":{"rendered":"Humildade: A Beleza Da Santidade &#8211; Andrew Murray"},"content":{"rendered":"<p>O orgulho \u00e9 a raiz de todo pecado e mal, a porta, o nascimento e a maldi\u00e7\u00e3o do inferno, a explica\u00e7\u00e3o de toda decad\u00eancia e fracasso. O orgulho da &#8220;santidade&#8221;\u00e9 o mais sutil de todos os males, enquanto a humildade \u00e9 o \u00fanico solo f`\u00e9rtil no qual a gra\u00e7a de Deus pode produzir fruto abundante. O mal n\u00e3o pode ter in\u00edcio a n\u00e3o ser pelo orgulho, e n\u00e3o ter fim a n\u00e3o ser pela humildade. A verdade \u00e9 esta: o orgulho tem de morrer em voc\u00ea, ou nada dos C\u00e9us poder\u00e1 viver em voc\u00ea. A humildade precisa lan\u00e7ar a semente, ou n\u00e3o haver\u00e1 colheita nos C\u00e9us.<\/p>\n<p>Andrew Murray (1828-1917) foi comissionado por Deus para conduzir Seus filhos a viverem de forma profunda a vida crist\u00e3. Um dos instrumentos de Murray para isso foi a escrita, entre seus livros, Humildade &#8211; A beleza da santidade \u00e9 reconhecido mundialmente como um dos cl\u00e1ssicos mais profundos e espirituais da literatura crist\u00e3.<\/p>\n<p>Entre os que foram auxiliados pelo seu rico minist\u00e9rio podemos mencionar A. W. Tozer e Watchman Nee, cujas obras trazem influ\u00eancias do pensamento de Murray.<\/p>\n<p>Em tempos em que um dos maiores problemas da sociedade e da Igreja \u00e9 a luta pelo poder, esta obra \u00e9 leitura obrigat\u00f3ria para todo aquele que anela conhecer mais a Deus e um forte desafio para voltarmos \u00e0 humildade que Cristo ordenou a todos os Seus disc\u00edpulos.<\/p>\n","protected":false},"excerpt":{"rendered":"<p>O orgulho \u00e9 a raiz de todo pecado e mal, a porta, o nascimento e a maldi\u00e7\u00e3o do inferno, a&hellip;<\/p>\n","protected":false},"featured_media":338627,"comment_status":"open","ping_status":"closed","template":"","meta":[],"product_cat":[147,134],"product_tag":[],"_links":{"self":[{"href":"https:\/\/www.livrariarema.com.br\/loja\/wp-json\/wp\/v2\/product\/249210"}],"collection":[{"href":"https:\/\/www.livrariarema.com.br\/loja\/wp-json\/wp\/v2\/product"}],"about":[{"href":"https:\/\/www.livrariarema.com.br\/loja\/wp-json\/wp\/v2\/types\/product"}],"replies":[{"embeddable":true,"href":"https:\/\/www.livrariarema.com.br\/loja\/wp-json\/wp\/v2\/comments?post=249210"}],"wp:featuredmedia":[{"embeddable":true,"href":"https:\/\/www.livrariarema.com.br\/loja\/wp-json\/wp\/v2\/media\/338627"}],"wp:attachment":[{"href":"https:\/\/www.livrariarema.com.br\/loja\/wp-json\/wp\/v2\/media?parent=249210"}],"wp:term":[{"taxonomy":"product_cat","embeddable":true,"href":"https:\/\/www.livrariarema.com.br\/loja\/wp-json\/wp\/v2\/product_cat?post=249210"},{"taxonomy":"product_tag","embeddable":true,"href":"https:\/\/www.livrariarema.com.br\/loja\/wp-json\/wp\/v2\/product_tag?post=249210"}],"curies":[{"name":"wp","href":"https:\/\/api.w.org\/{rel}","templated":true}]}}