{"id":249437,"date":"2023-08-24T11:53:37","date_gmt":"2023-08-24T14:53:37","guid":{"rendered":"https:\/\/www.livrariarema.com.br\/loja\/produtos\/sem categoria\/biblia-de-estudo-joyce-meyer-grande-dourada-letra-grande\/"},"modified":"2026-04-23T16:00:56","modified_gmt":"2026-04-23T19:00:56","slug":"biblia-de-estudo-joyce-meyer-grande-dourada-letra-grande","status":"publish","type":"product","link":"https:\/\/www.livrariarema.com.br\/loja\/produtos\/biblias\/estudo-feminina\/biblia-de-estudo-joyce-meyer-grande-dourada-letra-grande\/","title":{"rendered":"Biblia De Estudo Joyce Meyer &#8211; Grande &#8211; Dourada &#8211; Letra Grande"},"content":{"rendered":"<p>B\u00edblia Sagrada, com a linguagem na vers\u00e3o NVI (Nova Vers\u00e3o Internacional). Dentre as vers\u00f5es b\u00edblia ela se torna uma das mais modernas e prezervando a clareza do texto, permanecendo fiel aos Escritos originais. Incluindo panorama b\u00edblico e mapas. A B\u00edblia pode ser de dif\u00edcil leitura e compreens\u00e3o. Seu objetivo ao oferecer a voc\u00ea esta B\u00edblia exclusiva com suas notas e coment\u00e1rios \u00e9 construir pontes s\u00f3lidas entre as palavras da B\u00edblia e a sua vida di\u00e1ria.<\/p>\n","protected":false},"excerpt":{"rendered":"<p>B\u00edblia Sagrada, com a linguagem na vers\u00e3o NVI (Nova Vers\u00e3o Internacional). Dentre as vers\u00f5es b\u00edblia ela se torna uma das&hellip;<\/p>\n","protected":false},"featured_media":342791,"comment_status":"open","ping_status":"closed","template":"","meta":[],"product_cat":[139,175],"product_tag":[],"_links":{"self":[{"href":"https:\/\/www.livrariarema.com.br\/loja\/wp-json\/wp\/v2\/product\/249437"}],"collection":[{"href":"https:\/\/www.livrariarema.com.br\/loja\/wp-json\/wp\/v2\/product"}],"about":[{"href":"https:\/\/www.livrariarema.com.br\/loja\/wp-json\/wp\/v2\/types\/product"}],"replies":[{"embeddable":true,"href":"https:\/\/www.livrariarema.com.br\/loja\/wp-json\/wp\/v2\/comments?post=249437"}],"wp:featuredmedia":[{"embeddable":true,"href":"https:\/\/www.livrariarema.com.br\/loja\/wp-json\/wp\/v2\/media\/342791"}],"wp:attachment":[{"href":"https:\/\/www.livrariarema.com.br\/loja\/wp-json\/wp\/v2\/media?parent=249437"}],"wp:term":[{"taxonomy":"product_cat","embeddable":true,"href":"https:\/\/www.livrariarema.com.br\/loja\/wp-json\/wp\/v2\/product_cat?post=249437"},{"taxonomy":"product_tag","embeddable":true,"href":"https:\/\/www.livrariarema.com.br\/loja\/wp-json\/wp\/v2\/product_tag?post=249437"}],"curies":[{"name":"wp","href":"https:\/\/api.w.org\/{rel}","templated":true}]}}