{"id":249847,"date":"2023-08-26T10:48:26","date_gmt":"2023-08-26T13:48:26","guid":{"rendered":"https:\/\/www.livrariarema.com.br\/loja\/produtos\/sem categoria\/rumo-ao-altar-ernst-w-jansen\/"},"modified":"2026-03-26T10:42:01","modified_gmt":"2026-03-26T13:42:01","slug":"rumo-ao-altar-ernst-w-jansen","status":"publish","type":"product","link":"https:\/\/www.livrariarema.com.br\/loja\/produtos\/livros\/namoro-sexualidade\/rumo-ao-altar-ernst-w-jansen\/","title":{"rendered":"Rumo Ao Altar &#8211; Ernst W. Jansen"},"content":{"rendered":"<p>Cada cap\u00edtulo do livro aborda um assunto principal desenvolvido em forma de perguntas com o objetivo de despertar a reflex\u00e3o e o di\u00e1logo. A utiliza\u00e7\u00e3o deste material com v\u00e1rios casais de noivos resultou em conversas sobre v\u00e1rios assuntos relevantes, que at\u00e9 ent\u00e3o n\u00e3o tinham sido abordados. Ao final de cada li\u00e7\u00e3o h\u00e1 um artigo que tem o intuito de fundamentar e sintetizar o tema discutido. Os cap\u00edtulos podem ser trabalhados em uma ordem a ser definida de acordo com a necessidade ou interesse de cada um.<br \/>\nAl\u00e9m de ser um material para noivos, \u00e9 tamb\u00e9m excelente para aqueles que simplesmente querem se aprofundar no assunto, ou para casais que querem investir em seu relacionamento.<\/p>\n<p>Minha inten\u00e7\u00e3o \u00e9 ajudar conselheiros e interessados em formar uma nova fam\u00edlia a entenderem a din\u00e2mica do relacionamento de um casal e suas implica\u00e7\u00f5es. Meu desejo \u00e9 contribuir com todos aqueles que est\u00e3o rumo ao altar, para que sejam aben\u00e7oados com um casamento s\u00f3lido e bem-sucedido.<br \/>\nErnst Werner Janzen &#8211; Autor.<\/p>\n","protected":false},"excerpt":{"rendered":"<p>Cada cap\u00edtulo do livro aborda um assunto principal desenvolvido em forma de perguntas com o objetivo de despertar a reflex\u00e3o&hellip;<\/p>\n","protected":false},"featured_media":343072,"comment_status":"open","ping_status":"closed","template":"","meta":[],"product_cat":[134,203],"product_tag":[],"_links":{"self":[{"href":"https:\/\/www.livrariarema.com.br\/loja\/wp-json\/wp\/v2\/product\/249847"}],"collection":[{"href":"https:\/\/www.livrariarema.com.br\/loja\/wp-json\/wp\/v2\/product"}],"about":[{"href":"https:\/\/www.livrariarema.com.br\/loja\/wp-json\/wp\/v2\/types\/product"}],"replies":[{"embeddable":true,"href":"https:\/\/www.livrariarema.com.br\/loja\/wp-json\/wp\/v2\/comments?post=249847"}],"wp:featuredmedia":[{"embeddable":true,"href":"https:\/\/www.livrariarema.com.br\/loja\/wp-json\/wp\/v2\/media\/343072"}],"wp:attachment":[{"href":"https:\/\/www.livrariarema.com.br\/loja\/wp-json\/wp\/v2\/media?parent=249847"}],"wp:term":[{"taxonomy":"product_cat","embeddable":true,"href":"https:\/\/www.livrariarema.com.br\/loja\/wp-json\/wp\/v2\/product_cat?post=249847"},{"taxonomy":"product_tag","embeddable":true,"href":"https:\/\/www.livrariarema.com.br\/loja\/wp-json\/wp\/v2\/product_tag?post=249847"}],"curies":[{"name":"wp","href":"https:\/\/api.w.org\/{rel}","templated":true}]}}