{"id":249849,"date":"2023-08-26T10:48:36","date_gmt":"2023-08-26T13:48:36","guid":{"rendered":"https:\/\/www.livrariarema.com.br\/loja\/produtos\/sem%20categoria\/lideranca-gerencial-autentica-robert-a-orr\/"},"modified":"2024-09-04T14:25:33","modified_gmt":"2024-09-04T17:25:33","slug":"lideranca-gerencial-autentica-robert-a-orr","status":"publish","type":"product","link":"https:\/\/www.livrariarema.com.br\/loja\/produtos\/livros\/lideranca\/lideranca-gerencial-autentica-robert-a-orr\/","title":{"rendered":"Lideran\u00e7a Gerencial Aut\u00eantica &#8211; Robert A. Orr"},"content":{"rendered":"<p>Dr. Robert A. Orr nasceu na Argentina e viveu sua inf\u00e2ncia e adolesc\u00eancia no Brasil. Trabalhou por 17 anos na \u00e1rea de avia\u00e7\u00e3o como piloto e treinador de novos profissionais.<br \/>\nAtrav\u00e9s de cursos, semin\u00e1rios, palestras, confer\u00eancias e consultorias internacionais para estudantes e empresas, Robert aponta quais as ferramentas essenciais para o crescimento e \u00eaxito das organiza\u00e7\u00f5es atendidas.<\/p>\n<p>&#8220;Que fonte inesgot\u00e1vel de conhecimento inserido neste livro! Claramente, identificamos e compreendemos o que \u00e9 lideran\u00e7a aut\u00eantica e sua implanta\u00e7\u00e3o nos diversos setores de nossas vidas. Agrade\u00e7o a Deus pela oportunidade de ter este manual te\u00f3rico em conhecimento e estar recebendo a tocha do treinamento de lideran\u00e7a&#8221;.<br \/>\nErlon Chrisan Oliveti Ribas &#8211; Administrador de empresas &#8211; palestrante, Inspector Consultoria LTDA.<\/p>\n<p>&#8220;Que volume enorme de pesquisa est\u00e1 contido neste requintado manual. Quem me dera que eu pudesse ter tido uma c\u00f3pia de alguma coisa assim h\u00e1 30 anos! Espero que este material esteja chegando \u00e0s m\u00e3os de um grande n\u00famero de l\u00edderes e administradores da nossa comunidade crist\u00e3, os quais poder\u00e3o fazer uso da orienta\u00e7\u00e3o e dire\u00e7\u00e3o que voc\u00ea oferece. Fiquei gratificado ao notar o n\u00famero de vezes que voc\u00ea mencionou a minha pessoa e meus trabalhos no manual. Eu me sinto elogiado! Fiquei feliz em saber que este material est\u00e1 sendo traduzido para outras l\u00ednguas para l\u00edderes em outras culturas. Confio que Deus continuar\u00e1 usando a voc\u00ea e a este tipo de material de treinamento para a honra Dele nos pr\u00f3ximos anos&#8221;.<br \/>\nDr. Ted W. Engstrom, Presidente em\u00e9rito da World Vision.<\/p>\n<p>Este livro traz princ\u00edpios de lideran\u00e7a e habilidades de gest\u00e3o essenciais para uma organiza\u00e7\u00e3o \u00edntegra e efetiva.<\/p>\n","protected":false},"excerpt":{"rendered":"<p>Dr. Robert A. Orr nasceu na Argentina e viveu sua inf\u00e2ncia e adolesc\u00eancia no Brasil. Trabalhou por 17 anos na&hellip;<\/p>\n","protected":false},"featured_media":0,"comment_status":"open","ping_status":"closed","template":"","meta":[],"product_cat":[153,134],"product_tag":[],"_links":{"self":[{"href":"https:\/\/www.livrariarema.com.br\/loja\/wp-json\/wp\/v2\/product\/249849"}],"collection":[{"href":"https:\/\/www.livrariarema.com.br\/loja\/wp-json\/wp\/v2\/product"}],"about":[{"href":"https:\/\/www.livrariarema.com.br\/loja\/wp-json\/wp\/v2\/types\/product"}],"replies":[{"embeddable":true,"href":"https:\/\/www.livrariarema.com.br\/loja\/wp-json\/wp\/v2\/comments?post=249849"}],"wp:attachment":[{"href":"https:\/\/www.livrariarema.com.br\/loja\/wp-json\/wp\/v2\/media?parent=249849"}],"wp:term":[{"taxonomy":"product_cat","embeddable":true,"href":"https:\/\/www.livrariarema.com.br\/loja\/wp-json\/wp\/v2\/product_cat?post=249849"},{"taxonomy":"product_tag","embeddable":true,"href":"https:\/\/www.livrariarema.com.br\/loja\/wp-json\/wp\/v2\/product_tag?post=249849"}],"curies":[{"name":"wp","href":"https:\/\/api.w.org\/{rel}","templated":true}]}}