{"id":249870,"date":"2023-08-26T10:50:39","date_gmt":"2023-08-26T13:50:39","guid":{"rendered":"https:\/\/www.livrariarema.com.br\/loja\/produtos\/sem%20categoria\/comentario-esperanca-at-salmos-vol-2-dieter-schneider\/"},"modified":"2025-08-27T09:03:51","modified_gmt":"2025-08-27T12:03:51","slug":"comentario-esperanca-at-salmos-vol-2-dieter-schneider","status":"publish","type":"product","link":"https:\/\/www.livrariarema.com.br\/loja\/produtos\/livros\/comentario-biblico\/comentario-esperanca-at-salmos-vol-2-dieter-schneider\/","title":{"rendered":"Coment\u00e1rio Esperan\u00e7a &#8211; At &#8211; Salmos &#8211; Vol. 2 &#8211; Dieter Schneider"},"content":{"rendered":"<p>Coment\u00e1rio Esperan\u00e7a do Antigo Testamento &#8211; Salmos &#8211; Volume 2. Do cap\u00edtulo 73 ao 150 &#8211; traduzido do idioma alem\u00e3o.<\/p>\n<p>Comentado por Dieter Schneider, nascido em 1938, recebeu incentivo para o trabalho com jovens do Pastor Wilhelm Busch. Durante os estudos trabalhou na SMD (Miss\u00e3o estudantil na Alemanha), posteriormente no trabalho dos alunos. Foi pastor por oito anos em Hesse. Desde 1975, diretor de estudos e professor de Teologia na MBK (organiza\u00e7\u00e3o juvenil evang\u00e9lica que atua na Alemanha, em Bad Salzuflen). Desde 1984 foi pastor na cidade de Lemgo.<\/p>\n<p>A cole\u00e7\u00e3o da &#8220;Wuppertaler Studienbibel&#8221; \u00e9 uma s\u00e9rie voltada para a igreja que l\u00ea a B\u00edblia. Ela parte do princ\u00edpio de que a B\u00edblia \u00e9 a Palavra de Deus, anotada e transmitida por pessoas. Ou seja: seus coment\u00e1rios precisam fazer justi\u00e7a a esse car\u00e1ter duplo da Escritura Sagrada.<br \/>\nUma interpreta\u00e7\u00e3o adequada olha para tr\u00e1s, pesquisando a Hist\u00f3ria e mantem-se aberta ao fato de que Deus trabalha na e por meio da Palavra na vida do leitor e ouvinte. Mas todo o trabalho hist\u00f3rico e teol\u00f3gico com o texto n\u00e3o passa de obra &#8220;preparat\u00f3ria&#8221;. A real obra \u00e9 feita pelo pr\u00f3prio Deus. Por isso, uma coisa n\u00e3o pode faltar durante todo o trabalho de interpreta\u00e7\u00e3o: a ora\u00e7\u00e3o. Ora\u00e7\u00e3o durante a leitura, a interpreta\u00e7\u00e3o e a verifica\u00e7\u00e3o da interpreta\u00e7\u00e3o \u00e0 luz da pr\u00f3pria Escritura. Quando isso acontece, escancara-se a porta aos novos conhecimentos e compreens\u00f5es da revela\u00e7\u00e3o divina e da vontade de Deus.<br \/>\nA edi\u00e7\u00e3o em portugu\u00eas dos Coment\u00e1rios Esperan\u00e7a &#8211; Antigo Testamento primou pela qualidade na tradu\u00e7\u00e3o e revis\u00e3o, trazendo ao p\u00fablico um trabalho primoroso e edificante.<\/p>\n","protected":false},"excerpt":{"rendered":"<p>Coment\u00e1rio Esperan\u00e7a do Antigo Testamento &#8211; Salmos &#8211; Volume 2. Do cap\u00edtulo 73 ao 150 &#8211; traduzido do idioma alem\u00e3o.&hellip;<\/p>\n","protected":false},"featured_media":335951,"comment_status":"open","ping_status":"closed","template":"","meta":[],"product_cat":[164,134],"product_tag":[],"_links":{"self":[{"href":"https:\/\/www.livrariarema.com.br\/loja\/wp-json\/wp\/v2\/product\/249870"}],"collection":[{"href":"https:\/\/www.livrariarema.com.br\/loja\/wp-json\/wp\/v2\/product"}],"about":[{"href":"https:\/\/www.livrariarema.com.br\/loja\/wp-json\/wp\/v2\/types\/product"}],"replies":[{"embeddable":true,"href":"https:\/\/www.livrariarema.com.br\/loja\/wp-json\/wp\/v2\/comments?post=249870"}],"wp:featuredmedia":[{"embeddable":true,"href":"https:\/\/www.livrariarema.com.br\/loja\/wp-json\/wp\/v2\/media\/335951"}],"wp:attachment":[{"href":"https:\/\/www.livrariarema.com.br\/loja\/wp-json\/wp\/v2\/media?parent=249870"}],"wp:term":[{"taxonomy":"product_cat","embeddable":true,"href":"https:\/\/www.livrariarema.com.br\/loja\/wp-json\/wp\/v2\/product_cat?post=249870"},{"taxonomy":"product_tag","embeddable":true,"href":"https:\/\/www.livrariarema.com.br\/loja\/wp-json\/wp\/v2\/product_tag?post=249870"}],"curies":[{"name":"wp","href":"https:\/\/api.w.org\/{rel}","templated":true}]}}