{"id":249885,"date":"2023-08-26T10:51:32","date_gmt":"2023-08-26T13:51:32","guid":{"rendered":"https:\/\/www.livrariarema.com.br\/loja\/produtos\/sem categoria\/em-busca-da-espiritualidade-carlos-p-queiroz\/"},"modified":"2024-09-04T13:43:57","modified_gmt":"2024-09-04T16:43:57","slug":"em-busca-da-espiritualidade-carlos-p-queiroz","status":"publish","type":"product","link":"https:\/\/www.livrariarema.com.br\/loja\/produtos\/livros\/espiritualidade\/em-busca-da-espiritualidade-carlos-p-queiroz\/","title":{"rendered":"Em Busca Da Espiritualidade &#8211; Carlos P. Queiroz"},"content":{"rendered":"<p>A espiritualidade n\u00e3o \u00e9 mais uma abordagem de interesse apenas de pessoas religiosas. E o entendimento e a pr\u00e1tica da ?espiritualidade? podem significar tudo ou qualquer coisa.<br \/>\nComo lidar com as diferentes experi\u00eancias religiosas, a mercantiliza\u00e7\u00e3o da f\u00e9 e a multid\u00e3o de promessas apresentadas nas igrejas e at\u00e9 mesmo em lugares impens\u00e1veis em outros tempos?<br \/>\nComo discernir os crit\u00e9rios que podem nos levar de volta \u00e0 espiritualidade b\u00edblica?<br \/>\nEstas, entre outras perguntas s\u00e3o respondidas neste livro.<\/p>\n","protected":false},"excerpt":{"rendered":"<p>A espiritualidade n\u00e3o \u00e9 mais uma abordagem de interesse apenas de pessoas religiosas. E o entendimento e a pr\u00e1tica da&hellip;<\/p>\n","protected":false},"featured_media":313726,"comment_status":"open","ping_status":"closed","template":"","meta":[],"product_cat":[160,134],"product_tag":[],"_links":{"self":[{"href":"https:\/\/www.livrariarema.com.br\/loja\/wp-json\/wp\/v2\/product\/249885"}],"collection":[{"href":"https:\/\/www.livrariarema.com.br\/loja\/wp-json\/wp\/v2\/product"}],"about":[{"href":"https:\/\/www.livrariarema.com.br\/loja\/wp-json\/wp\/v2\/types\/product"}],"replies":[{"embeddable":true,"href":"https:\/\/www.livrariarema.com.br\/loja\/wp-json\/wp\/v2\/comments?post=249885"}],"wp:featuredmedia":[{"embeddable":true,"href":"https:\/\/www.livrariarema.com.br\/loja\/wp-json\/wp\/v2\/media\/313726"}],"wp:attachment":[{"href":"https:\/\/www.livrariarema.com.br\/loja\/wp-json\/wp\/v2\/media?parent=249885"}],"wp:term":[{"taxonomy":"product_cat","embeddable":true,"href":"https:\/\/www.livrariarema.com.br\/loja\/wp-json\/wp\/v2\/product_cat?post=249885"},{"taxonomy":"product_tag","embeddable":true,"href":"https:\/\/www.livrariarema.com.br\/loja\/wp-json\/wp\/v2\/product_tag?post=249885"}],"curies":[{"name":"wp","href":"https:\/\/api.w.org\/{rel}","templated":true}]}}