{"id":249887,"date":"2023-08-26T10:51:38","date_gmt":"2023-08-26T13:51:38","guid":{"rendered":"https:\/\/www.livrariarema.com.br\/loja\/produtos\/sem%20categoria\/gui-pratico-para-o-aconselhamento-de-mulheres-diane-langberg-tim-clinton\/"},"modified":"2026-02-25T16:23:35","modified_gmt":"2026-02-25T19:23:35","slug":"gui-pratico-para-o-aconselhamento-de-mulheres-diane-langberg-tim-clinton","status":"publish","type":"product","link":"https:\/\/www.livrariarema.com.br\/loja\/produtos\/livros\/mulher\/gui-pratico-para-o-aconselhamento-de-mulheres-diane-langberg-tim-clinton\/","title":{"rendered":"Guia Pr\u00e1tico Para O Aconselhamento De Mulheres &#8211; Diane Langberg &amp; Tim Clinton"},"content":{"rendered":"<p>Toda mulher tem uma hist\u00f3ria que \u00e9 moldada exclusivamente por ser mulher. Para muitas, essa hist\u00f3ria est\u00e1 escondida, hermeticamente trancada dentro de um cora\u00e7\u00e3o partido. Mas, por tr\u00e1s de paredes de medo, raiva e m\u00e1goa, est\u00e3o as feridas abertas. Por tr\u00e1s da maquiagem e do sorriso, mulheres em todos os lugares est\u00e3o sofrendo. Est\u00e3o confusas, com medo, assustadas &#8211; e em sil\u00eancio.<br \/>\nComo corpo de Cristo, somos chamados para ministrar aos quebrados e feridos; n\u00e3o para ignor\u00e1-los, faz\u00ea-los calar e dizer a eles para superarem isso e seguirem em frente.<br \/>\n<br \/>\nEste Guia pr\u00e1tico para o aconselhamento de mulheres \u00e9 a resposta a esse apelo leg\u00edtimo das mulheres. Ele foi idealizado para conselheiros profissionais, bem como pastores e conselheiros leigos, que desejam entender melhor e ajudar mulheres.<\/p>\n","protected":false},"excerpt":{"rendered":"<p>Toda mulher tem uma hist\u00f3ria que \u00e9 moldada exclusivamente por ser mulher. Para muitas, essa hist\u00f3ria est\u00e1 escondida, hermeticamente trancada&hellip;<\/p>\n","protected":false},"featured_media":345475,"comment_status":"open","ping_status":"closed","template":"","meta":[],"product_cat":[134,170],"product_tag":[],"_links":{"self":[{"href":"https:\/\/www.livrariarema.com.br\/loja\/wp-json\/wp\/v2\/product\/249887"}],"collection":[{"href":"https:\/\/www.livrariarema.com.br\/loja\/wp-json\/wp\/v2\/product"}],"about":[{"href":"https:\/\/www.livrariarema.com.br\/loja\/wp-json\/wp\/v2\/types\/product"}],"replies":[{"embeddable":true,"href":"https:\/\/www.livrariarema.com.br\/loja\/wp-json\/wp\/v2\/comments?post=249887"}],"wp:featuredmedia":[{"embeddable":true,"href":"https:\/\/www.livrariarema.com.br\/loja\/wp-json\/wp\/v2\/media\/345475"}],"wp:attachment":[{"href":"https:\/\/www.livrariarema.com.br\/loja\/wp-json\/wp\/v2\/media?parent=249887"}],"wp:term":[{"taxonomy":"product_cat","embeddable":true,"href":"https:\/\/www.livrariarema.com.br\/loja\/wp-json\/wp\/v2\/product_cat?post=249887"},{"taxonomy":"product_tag","embeddable":true,"href":"https:\/\/www.livrariarema.com.br\/loja\/wp-json\/wp\/v2\/product_tag?post=249887"}],"curies":[{"name":"wp","href":"https:\/\/api.w.org\/{rel}","templated":true}]}}