{"id":249888,"date":"2023-08-26T10:51:43","date_gmt":"2023-08-26T13:51:43","guid":{"rendered":"https:\/\/www.livrariarema.com.br\/loja\/produtos\/sem categoria\/verdade-do-evangelho-a-john-stott\/"},"modified":"2025-08-20T14:16:46","modified_gmt":"2025-08-20T17:16:46","slug":"verdade-do-evangelho-a-john-stott","status":"publish","type":"product","link":"https:\/\/www.livrariarema.com.br\/loja\/produtos\/livros\/estudo-biblico\/verdade-do-evangelho-a-john-stott\/","title":{"rendered":"Verdade Do Evangelho, A &#8211; John Stott"},"content":{"rendered":"<p>Depois de sessenta anos de minist\u00e9rio, John Stott, um dos mais respeitados e influentes l\u00edderes da igreja crist\u00e3 contempor\u00e2nea, presenteia seus leitores com um testemunho l\u00facido e cativante que resume aquilo que creu e defendeu a vida inteira: a verdade do Evangelho.<\/p>\n<p>Analisando os ensinos de Jesus, passando pelas cartas de Paulo e a hist\u00f3ria da igreja at\u00e9 os nossos dias, ele mostra que a f\u00e9 evang\u00e9lica n\u00e3o \u00e9, nem uma inova\u00e7\u00e3o recente, nem um desvio da ortodoxia, nem um fundamentalismo contempor\u00e2neo, mas \u00e9 essencialmente uma f\u00e9 trinit\u00e1ria. \u00c9 a nossa resposta \u00e0 graciosa iniciativa do Deus Pai que se revelou a n\u00f3s: de Jesus Cristo, que nos redimiu por meio da cruz; e do Esp\u00edrito Santo, que nos transforma e faz morada em n\u00f3s. Da\u00ed a \u00eanfase tr\u00edplice da f\u00e9 evang\u00e9lica: a Palavra de Deus, a cruz de Cristo e o Esp\u00edrito Santo.<\/p>\n<p>Estes tr\u00eas pilares constituem a ess\u00eancia do Evangelho, e s\u00f3 vivendo em fidelidade a isso poder\u00e3o os crist\u00e3os, hoje como nos dias do ap\u00f3stolo Paulo, permanecer firmes em um s\u00f3 esp\u00edrito, lutando un\u00e2nimes pela f\u00e9 evang\u00e9lica.<\/p>\n","protected":false},"excerpt":{"rendered":"<p>Depois de sessenta anos de minist\u00e9rio, John Stott, um dos mais respeitados e influentes l\u00edderes da igreja crist\u00e3 contempor\u00e2nea, presenteia&hellip;<\/p>\n","protected":false},"featured_media":0,"comment_status":"open","ping_status":"closed","template":"","meta":[],"product_cat":[161,134],"product_tag":[],"_links":{"self":[{"href":"https:\/\/www.livrariarema.com.br\/loja\/wp-json\/wp\/v2\/product\/249888"}],"collection":[{"href":"https:\/\/www.livrariarema.com.br\/loja\/wp-json\/wp\/v2\/product"}],"about":[{"href":"https:\/\/www.livrariarema.com.br\/loja\/wp-json\/wp\/v2\/types\/product"}],"replies":[{"embeddable":true,"href":"https:\/\/www.livrariarema.com.br\/loja\/wp-json\/wp\/v2\/comments?post=249888"}],"wp:attachment":[{"href":"https:\/\/www.livrariarema.com.br\/loja\/wp-json\/wp\/v2\/media?parent=249888"}],"wp:term":[{"taxonomy":"product_cat","embeddable":true,"href":"https:\/\/www.livrariarema.com.br\/loja\/wp-json\/wp\/v2\/product_cat?post=249888"},{"taxonomy":"product_tag","embeddable":true,"href":"https:\/\/www.livrariarema.com.br\/loja\/wp-json\/wp\/v2\/product_tag?post=249888"}],"curies":[{"name":"wp","href":"https:\/\/api.w.org\/{rel}","templated":true}]}}