{"id":249892,"date":"2023-08-26T10:51:54","date_gmt":"2023-08-26T13:51:54","guid":{"rendered":"https:\/\/www.livrariarema.com.br\/loja\/produtos\/sem%20categoria\/comentario-esperanca-at-genesis-vol-1-hansjorg-braumer\/"},"modified":"2026-01-16T18:31:35","modified_gmt":"2026-01-16T21:31:35","slug":"comentario-esperanca-at-genesis-vol-1-hansjorg-braumer","status":"publish","type":"product","link":"https:\/\/www.livrariarema.com.br\/loja\/produtos\/livros\/comentario-biblico\/comentario-esperanca-at-genesis-vol-1-hansjorg-braumer\/","title":{"rendered":"Coment\u00e1rio Esperan\u00e7a &#8211; At &#8211; G\u00eanesis &#8211; Vol. 1 &#8211; Hansj\u00f6rg Br\u00e4umer"},"content":{"rendered":"<p>Coment\u00e1rio Esperan\u00e7a do Antigo Testamento &#8211; G\u00eanesis &#8211; Volume 1. Do cap\u00edtulo 1 ao 25 &#8211; traduzido do idioma alem\u00e3o.<\/p>\n<p>Comentado pelo Dr. Hansj\u00f6rg Br\u00e4umer (1941), \u00e9 te\u00f3logo, professor em\u00e9rito do Antigo Testamento, pastor, diretor e conselheiro em Lobetalarbeit (Celle &#8211; Alemanha). Atuou como professor de Hebraico em v\u00e1rias faculdades alem\u00e3s como Phillipps-Universit\u00e4t Marburg, Eberhard Karls Universit\u00e4t T\u00fcbingen e professor convidado na Universidade Hebraica de Tel Aviv (Israel).<\/p>\n<p>A cole\u00e7\u00e3o da &#8220;Wuppertaler Studienbibel&#8221; \u00e9 uma s\u00e9rie voltada para a igreja que l\u00ea a B\u00edblia. Ela parte do princ\u00edpio de que a B\u00edblia \u00e9 a Palavra de Deus, anotada e transmitida por pessoas. Ou seja: seus coment\u00e1rios precisam fazer justi\u00e7a a esse car\u00e1ter duplo da Escritura Sagrada.<br \/>\nUma interpreta\u00e7\u00e3o adequada olha para tr\u00e1s, pesquisando a Hist\u00f3ria e mantem-se aberta ao fato de que Deus trabalha na e por meio da Palavra na vida do leitor e ouvinte. Mas todo o trabalho hist\u00f3rico e teol\u00f3gico com o texto n\u00e3o passa de obra &#8220;preparat\u00f3ria&#8221;. A real obra \u00e9 feita pelo pr\u00f3prio Deus. Por isso, uma coisa n\u00e3o pode faltar durante todo o trabalho de interpreta\u00e7\u00e3o: a ora\u00e7\u00e3o. Ora\u00e7\u00e3o durante a leitura, a interpreta\u00e7\u00e3o e a verifica\u00e7\u00e3o da interpreta\u00e7\u00e3o \u00e0 luz da pr\u00f3pria Escritura. Quando isso acontece, escancara-se a porta aos novos conhecimentos e compreens\u00f5es da revela\u00e7\u00e3o divina e da vontade de Deus.<br \/>\nA edi\u00e7\u00e3o em portugu\u00eas dos Coment\u00e1rios Esperan\u00e7a &#8211; Antigo Testamento primou pela qualidade na tradu\u00e7\u00e3o e revis\u00e3o, trazendo ao p\u00fablico um trabalho primoroso e edificante.<\/p>\n<p>Vencedor do pr\u00eamio ARET\u00c9 da ASEC &#8211; Associa\u00e7\u00e3o de Editores Crist\u00e3os do Brasil &#8211; Categoria: Coment\u00e1rio B\u00edblico.<\/p>\n","protected":false},"excerpt":{"rendered":"<p>Coment\u00e1rio Esperan\u00e7a do Antigo Testamento &#8211; G\u00eanesis &#8211; Volume 1. Do cap\u00edtulo 1 ao 25 &#8211; traduzido do idioma alem\u00e3o.&hellip;<\/p>\n","protected":false},"featured_media":313741,"comment_status":"open","ping_status":"closed","template":"","meta":[],"product_cat":[164,134],"product_tag":[],"_links":{"self":[{"href":"https:\/\/www.livrariarema.com.br\/loja\/wp-json\/wp\/v2\/product\/249892"}],"collection":[{"href":"https:\/\/www.livrariarema.com.br\/loja\/wp-json\/wp\/v2\/product"}],"about":[{"href":"https:\/\/www.livrariarema.com.br\/loja\/wp-json\/wp\/v2\/types\/product"}],"replies":[{"embeddable":true,"href":"https:\/\/www.livrariarema.com.br\/loja\/wp-json\/wp\/v2\/comments?post=249892"}],"wp:featuredmedia":[{"embeddable":true,"href":"https:\/\/www.livrariarema.com.br\/loja\/wp-json\/wp\/v2\/media\/313741"}],"wp:attachment":[{"href":"https:\/\/www.livrariarema.com.br\/loja\/wp-json\/wp\/v2\/media?parent=249892"}],"wp:term":[{"taxonomy":"product_cat","embeddable":true,"href":"https:\/\/www.livrariarema.com.br\/loja\/wp-json\/wp\/v2\/product_cat?post=249892"},{"taxonomy":"product_tag","embeddable":true,"href":"https:\/\/www.livrariarema.com.br\/loja\/wp-json\/wp\/v2\/product_tag?post=249892"}],"curies":[{"name":"wp","href":"https:\/\/api.w.org\/{rel}","templated":true}]}}